{"id":9,"date":"2015-12-19T12:30:56","date_gmt":"2015-12-19T12:30:56","guid":{"rendered":"https:\/\/tammedigi.wordpress.com\/juhendid\/"},"modified":"2018-08-24T13:23:31","modified_gmt":"2018-08-24T10:23:31","slug":"juhendid","status":"publish","type":"page","link":"https:\/\/tammegymnaasium.ee\/tammedigi\/juhendid\/","title":{"rendered":"Juhendid"},"content":{"rendered":"<p><strong>Juhendite n\u00e4gemiseks peab omama tammegymnaasium.ee kontot.<\/strong><\/p>\n<p><span style=\"color: #ff0000;\">OHUTUSJUHENDID<\/span><\/p>\n<p><strong>T\u00f6\u00f6tervishoiu ja t\u00f6\u00f6ohutuse juhendid<\/strong> asuvad <a href=\"https:\/\/drive.google.com\/a\/tammegymnaasium.ee\/folderview?id=0B8tUQVqUnePvakFtcUtmUXBUaDA&amp;usp=sharing\" target=\"_blank\" rel=\"noopener\">siin<\/a>.<\/p>\n<p><span style=\"color: #ff0000;\">TEHNIKA KLASSIRUUMIS<\/span><\/p>\n<ul>\n<li>Esimene tund oma klassis. Kuidas <strong>tehnika<\/strong>ga <strong>klassis<\/strong> hakkama saada. Juhend asub <a href=\"https:\/\/docs.google.com\/document\/d\/1vbhhSgAD5em66qCD0h89udGeQ12GnPwjncPz7rjfG3c\/edit?usp=sharing\" target=\"_blank\" rel=\"noopener\">siin<\/a>.<\/li>\n<li><strong>Dokumendikaamera <\/strong>ELMO kasutusjuhend asub peagi siin.<\/li>\n<\/ul>\n<p><span style=\"color: #ff0000;\">GOOGLE&#8217;i KONTO<\/span><\/p>\n<ul>\n<li><strong>\u00d5ppematerjalide jagamise <\/strong>videojuhend asub <a href=\"http:\/\/tammegymnaasium.ee\/tammedigi\/oppematerjalide-jagamine-google-drive\/\" target=\"_blank\" rel=\"noopener\">siin<\/a>.<\/li>\n<li><strong>Google Drive<\/strong>&#8217;i kasutusjuhend asub <a href=\"https:\/\/docs.google.com\/document\/d\/1r4Dm_RYCrUrLDCJ7QHJyEqoaZLT7IkDsy1heTgeO3PI\/edit\" target=\"_blank\" rel=\"noopener\">siin<\/a>.<\/li>\n<\/ul>\n<p><span style=\"color: #ff0000;\">\u00dcLDINE<\/span><\/p>\n<ul>\n<li><strong>Info liikumine koolis<\/strong> (kollektiivi arutelu p\u00e4ev, 6.01.16), vaata <a href=\"https:\/\/drive.google.com\/a\/tammegymnaasium.ee\/file\/d\/0B8tUQVqUnePvUWhuVGxGb0tWTjQ\/view?usp=sharing\" target=\"_blank\" rel=\"noopener\">siit<\/a>.<\/li>\n<li><strong>HITSA Moodle&#8217;s<\/strong> on olemas meie kooli konto ning sinna saab \u00f5petaja luua kursusi. Selleks peab \u00f5petaja ise tegema konto:\u00a0<a href=\"https:\/\/moodle.hitsa.ee\/\" target=\"_blank\" rel=\"noopener\">HITSA Moodle keskkonda<\/a>. Kursuse saab keskkonnast tellida (selisel juhul kinnitab kursuse HITSA Moodle&#8217;i administraator) v\u00f5i paluda haridustehnoloogil see luua. Et kursusi meie kooliga seostada, siis lisame nimetuse l\u00f5ppu _TammeG.<\/li>\n<li><strong>Digiallkirja andmise<\/strong> l\u00fchijuhend asub <a href=\"https:\/\/www.educreations.com\/lesson\/view\/digiallkiri\/37952963\/?ref=link\" target=\"_blank\" rel=\"noopener\">siin<\/a><\/li>\n<\/ul>\n","protected":false},"excerpt":{"rendered":"<p>Juhendite n\u00e4gemiseks peab omama tammegymnaasium.ee kontot. OHUTUSJUHENDID T\u00f6\u00f6tervishoiu ja t\u00f6\u00f6ohutuse juhendid asuvad siin. TEHNIKA KLASSIRUUMIS Esimene tund oma klassis. Kuidas tehnikaga klassis hakkama saada. Juhend asub siin. Dokumendikaamera ELMO kasutusjuhend asub peagi siin. GOOGLE&#8217;i KONTO \u00d5ppematerjalide jagamise videojuhend asub siin. Google Drive&#8217;i kasutusjuhend asub siin. \u00dcLDINE Info liikumine koolis (kollektiivi arutelu p\u00e4ev, 6.01.16), vaata siit. &hellip; <a href=\"https:\/\/tammegymnaasium.ee\/tammedigi\/juhendid\/\" class=\"more-link\">Loe edasi<span class=\"screen-reader-text\"> &#8220;Juhendid&#8221;<\/span><\/a><\/p>\n","protected":false},"author":2,"featured_media":0,"parent":0,"menu_order":0,"comment_status":"closed","ping_status":"closed","template":"","meta":{"footnotes":""},"categories":[],"tags":[],"class_list":["post-9","page","type-page","status-publish","hentry"],"_links":{"self":[{"href":"https:\/\/tammegymnaasium.ee\/tammedigi\/wp-json\/wp\/v2\/pages\/9","targetHints":{"allow":["GET"]}}],"collection":[{"href":"https:\/\/tammegymnaasium.ee\/tammedigi\/wp-json\/wp\/v2\/pages"}],"about":[{"href":"https:\/\/tammegymnaasium.ee\/tammedigi\/wp-json\/wp\/v2\/types\/page"}],"author":[{"embeddable":true,"href":"https:\/\/tammegymnaasium.ee\/tammedigi\/wp-json\/wp\/v2\/users\/2"}],"replies":[{"embeddable":true,"href":"https:\/\/tammegymnaasium.ee\/tammedigi\/wp-json\/wp\/v2\/comments?post=9"}],"version-history":[{"count":5,"href":"https:\/\/tammegymnaasium.ee\/tammedigi\/wp-json\/wp\/v2\/pages\/9\/revisions"}],"predecessor-version":[{"id":500,"href":"https:\/\/tammegymnaasium.ee\/tammedigi\/wp-json\/wp\/v2\/pages\/9\/revisions\/500"}],"wp:attachment":[{"href":"https:\/\/tammegymnaasium.ee\/tammedigi\/wp-json\/wp\/v2\/media?parent=9"}],"wp:term":[{"taxonomy":"category","embeddable":true,"href":"https:\/\/tammegymnaasium.ee\/tammedigi\/wp-json\/wp\/v2\/categories?post=9"},{"taxonomy":"post_tag","embeddable":true,"href":"https:\/\/tammegymnaasium.ee\/tammedigi\/wp-json\/wp\/v2\/tags?post=9"}],"curies":[{"name":"wp","href":"https:\/\/api.w.org\/{rel}","templated":true}]}}