{"id":8,"date":"2015-12-19T12:30:29","date_gmt":"2015-12-19T12:30:29","guid":{"rendered":"https:\/\/tammedigi.wordpress.com\/?page_id=5"},"modified":"2016-08-31T10:27:15","modified_gmt":"2016-08-31T07:27:15","slug":"stuudium","status":"publish","type":"page","link":"https:\/\/tammegymnaasium.ee\/tammedigi\/stuudium\/","title":{"rendered":"Stuudium"},"content":{"rendered":"<p>2015.\/2016. \u00f5ppeaastast on Tartu Tamme G\u00fcmnaasiumi \u00f5ppeinfos\u00fcsteemiks Stuudium, mis asub aadressil\u00a0<a href=\"https:\/\/tamme.ope.ee\/\" target=\"_blank\">tamme.ope.ee<\/a>.<\/p>\n<p>Probleemida ja k\u00fcsimuste korral palume p\u00f6\u00f6rduda Stuudiumi abisse.<\/p>\n<p>&nbsp;<\/p>\n<p>&nbsp;<\/p>\n","protected":false},"excerpt":{"rendered":"<p>2015.\/2016. \u00f5ppeaastast on Tartu Tamme G\u00fcmnaasiumi \u00f5ppeinfos\u00fcsteemiks Stuudium, mis asub aadressil\u00a0tamme.ope.ee. Probleemida ja k\u00fcsimuste korral palume p\u00f6\u00f6rduda Stuudiumi abisse. &nbsp; &nbsp;<\/p>\n","protected":false},"author":2,"featured_media":0,"parent":0,"menu_order":0,"comment_status":"closed","ping_status":"closed","template":"","meta":{"footnotes":""},"categories":[],"tags":[],"class_list":["post-8","page","type-page","status-publish","hentry"],"_links":{"self":[{"href":"https:\/\/tammegymnaasium.ee\/tammedigi\/wp-json\/wp\/v2\/pages\/8","targetHints":{"allow":["GET"]}}],"collection":[{"href":"https:\/\/tammegymnaasium.ee\/tammedigi\/wp-json\/wp\/v2\/pages"}],"about":[{"href":"https:\/\/tammegymnaasium.ee\/tammedigi\/wp-json\/wp\/v2\/types\/page"}],"author":[{"embeddable":true,"href":"https:\/\/tammegymnaasium.ee\/tammedigi\/wp-json\/wp\/v2\/users\/2"}],"replies":[{"embeddable":true,"href":"https:\/\/tammegymnaasium.ee\/tammedigi\/wp-json\/wp\/v2\/comments?post=8"}],"version-history":[{"count":3,"href":"https:\/\/tammegymnaasium.ee\/tammedigi\/wp-json\/wp\/v2\/pages\/8\/revisions"}],"predecessor-version":[{"id":509,"href":"https:\/\/tammegymnaasium.ee\/tammedigi\/wp-json\/wp\/v2\/pages\/8\/revisions\/509"}],"wp:attachment":[{"href":"https:\/\/tammegymnaasium.ee\/tammedigi\/wp-json\/wp\/v2\/media?parent=8"}],"wp:term":[{"taxonomy":"category","embeddable":true,"href":"https:\/\/tammegymnaasium.ee\/tammedigi\/wp-json\/wp\/v2\/categories?post=8"},{"taxonomy":"post_tag","embeddable":true,"href":"https:\/\/tammegymnaasium.ee\/tammedigi\/wp-json\/wp\/v2\/tags?post=8"}],"curies":[{"name":"wp","href":"https:\/\/api.w.org\/{rel}","templated":true}]}}