{"id":76,"date":"2015-12-21T11:22:20","date_gmt":"2015-12-21T11:22:20","guid":{"rendered":"https:\/\/tammedigi.wordpress.com\/?page_id=76"},"modified":"2016-05-31T10:19:08","modified_gmt":"2016-05-31T07:19:08","slug":"uldine-2","status":"publish","type":"page","link":"https:\/\/tammegymnaasium.ee\/tammedigi\/interaktiivne-tahvel\/uldine-2\/","title":{"rendered":"\u00dcldine"},"content":{"rendered":"<h1><span style=\"color: #993300;\">\u00dcLDINE<\/span><\/h1>\n<p>Koolis\u00a0on <span style=\"color: #ff0000;\">Promethean Planeti<\/span>\u00a0interaktiivsed tahvlid.\u00a0<span style=\"color: #ff0000;\">ActivInspire<\/span> tarkvara lae alla <a href=\"https:\/\/drive.google.com\/file\/d\/0B95kAp4_CSDmMFhBT2ZfdkZyWkU\/view?usp=sharing\" target=\"_blank\">siit<\/a>. Kui soovid tavaversiooni (Custom version) asemel rohkemate v\u00f5imalustega Professional Edition versiooni ja prooviperiood on l\u00e4bi, siis k\u00fcsi haridustehnoloogilt aktiveerimisv\u00f5ti.<\/p>\n<p><span style=\"color: #ff0000;\"><strong>HOOLDUS<\/strong><\/span><\/p>\n<ul>\n<li>Tahvel on m\u00f5eldud kasutamiseks iga p\u00e4ev igas tunnis<\/li>\n<li>\u00c4ra kasuta pinna puhastamiseks abrasiivset vahendit<\/li>\n<li>Puhasta spetsiaalse vahendiga v\u00f5i paberist\u00a0taskur\u00e4tikutega.<\/li>\n<\/ul>\n<p><span style=\"color: #ff0000;\"><strong>KALIBREERIMINE<\/strong><\/span><\/p>\n<p>Kui tahvel l\u00e4heb paigast \u00e4ra (nt. kiri tekib teise kohta, kui me kirjutame), siis tuleb seda kalibreerida. Palu abi v\u00f5i vali alt paremalt \u201cActivManager\u201d, siis \u201cCalibration\u201d. Tee 5-punkti kalibreerimine.<\/p>\n<p><strong>\u00a0<\/strong><span style=\"color: #ff0000;\"><strong>KUIDAS TAHVEL TOIMIB?<\/strong><\/span><\/p>\n<ul>\n<li>Tahvel toimib samamoodi nagu arvutiekraan.<\/li>\n<li>Tahvli juures kasutad hiire asemel n\u00e4ppu v\u00f5i pliiatsit.<\/li>\n<\/ul>\n<p><span style=\"color: #ff0000;\"><strong>PAREMKLIKK TAHVLIL<\/strong><\/span><\/p>\n<p>Hoia s\u00f5rme v pliiatsit tahvlil u. 1 sekund, kuni tekib ring: lase see lahti.<\/p>\n<p><span style=\"color: #ff0000;\"><strong>DASHBOARD \u00a0ehk T\u00d6\u00d6LAUD<\/strong><\/span><\/p>\n<p>Kui ei soovi, et t\u00f6\u00f6laud iga kord, kui programmi \u00a0avad, tuleb ette, siis\u00a0v\u00f5ta linnuke kasti \u201cShow the dashboard window on startup\u201d eest \u00e4ra.<\/p>\n<p><img loading=\"lazy\" decoding=\"async\" class=\"alignnone size-medium wp-image-79\" src=\"http:\/\/tammegymnaasium.ee\/tammedigi\/wp-content\/uploads\/2015\/12\/1-300x217.png\" alt=\"1\" width=\"300\" height=\"217\" srcset=\"https:\/\/tammegymnaasium.ee\/tammedigi\/wp-content\/uploads\/2015\/12\/1-300x217.png 300w, https:\/\/tammegymnaasium.ee\/tammedigi\/wp-content\/uploads\/2015\/12\/1.png 560w\" sizes=\"auto, (max-width: 300px) 85vw, 300px\" \/><\/p>\n<p>\u201cClose\u201d sulgeb t\u00f6\u00f6laua.<\/p>\n","protected":false},"excerpt":{"rendered":"<p>\u00dcLDINE Koolis\u00a0on Promethean Planeti\u00a0interaktiivsed tahvlid.\u00a0ActivInspire tarkvara lae alla siit. Kui soovid tavaversiooni (Custom version) asemel rohkemate v\u00f5imalustega Professional Edition versiooni ja prooviperiood on l\u00e4bi, siis k\u00fcsi haridustehnoloogilt aktiveerimisv\u00f5ti. HOOLDUS Tahvel on m\u00f5eldud kasutamiseks iga p\u00e4ev igas tunnis \u00c4ra kasuta pinna puhastamiseks abrasiivset vahendit Puhasta spetsiaalse vahendiga v\u00f5i paberist\u00a0taskur\u00e4tikutega. KALIBREERIMINE Kui tahvel l\u00e4heb paigast \u00e4ra (nt. &hellip; <a href=\"https:\/\/tammegymnaasium.ee\/tammedigi\/interaktiivne-tahvel\/uldine-2\/\" class=\"more-link\">Loe edasi<span class=\"screen-reader-text\"> &#8220;\u00dcldine&#8221;<\/span><\/a><\/p>\n","protected":false},"author":1,"featured_media":0,"parent":10,"menu_order":0,"comment_status":"closed","ping_status":"closed","template":"","meta":{"footnotes":""},"categories":[],"tags":[],"class_list":["post-76","page","type-page","status-publish","hentry"],"_links":{"self":[{"href":"https:\/\/tammegymnaasium.ee\/tammedigi\/wp-json\/wp\/v2\/pages\/76","targetHints":{"allow":["GET"]}}],"collection":[{"href":"https:\/\/tammegymnaasium.ee\/tammedigi\/wp-json\/wp\/v2\/pages"}],"about":[{"href":"https:\/\/tammegymnaasium.ee\/tammedigi\/wp-json\/wp\/v2\/types\/page"}],"author":[{"embeddable":true,"href":"https:\/\/tammegymnaasium.ee\/tammedigi\/wp-json\/wp\/v2\/users\/1"}],"replies":[{"embeddable":true,"href":"https:\/\/tammegymnaasium.ee\/tammedigi\/wp-json\/wp\/v2\/comments?post=76"}],"version-history":[{"count":5,"href":"https:\/\/tammegymnaasium.ee\/tammedigi\/wp-json\/wp\/v2\/pages\/76\/revisions"}],"predecessor-version":[{"id":350,"href":"https:\/\/tammegymnaasium.ee\/tammedigi\/wp-json\/wp\/v2\/pages\/76\/revisions\/350"}],"up":[{"embeddable":true,"href":"https:\/\/tammegymnaasium.ee\/tammedigi\/wp-json\/wp\/v2\/pages\/10"}],"wp:attachment":[{"href":"https:\/\/tammegymnaasium.ee\/tammedigi\/wp-json\/wp\/v2\/media?parent=76"}],"wp:term":[{"taxonomy":"category","embeddable":true,"href":"https:\/\/tammegymnaasium.ee\/tammedigi\/wp-json\/wp\/v2\/categories?post=76"},{"taxonomy":"post_tag","embeddable":true,"href":"https:\/\/tammegymnaasium.ee\/tammedigi\/wp-json\/wp\/v2\/tags?post=76"}],"curies":[{"name":"wp","href":"https:\/\/api.w.org\/{rel}","templated":true}]}}