{"id":5,"date":"2015-12-07T19:42:31","date_gmt":"2015-12-07T19:42:31","guid":{"rendered":"http:\/\/tammedigi.wordpress.com\/?page_id=1"},"modified":"2016-01-07T12:03:58","modified_gmt":"2016-01-07T10:03:58","slug":"about","status":"publish","type":"page","link":"https:\/\/tammegymnaasium.ee\/tammedigi\/","title":{"rendered":"Avaleht"},"content":{"rendered":"<p>TammeDigi on Tartu Tamme G\u00fcmnaasiumi haridustehnoloogia veebileht, mis koondab endasse juhendid, materjalid ning uudised &#8211; k\u00f5ik, mis on seotud digiajastul \u00f5ppimise ja \u00f5petamisega. TammeDigi on m\u00f5eldud abiks eelk\u00f5ige meie kooli \u00f5petajale, aga ka \u00f5pilastele.<\/p>\n<p>Veebileht on alles oma algusj\u00e4rgus ja t\u00e4ieneb aja jooksul.<\/p>\n<p><img loading=\"lazy\" decoding=\"async\" class=\"alignnone size-full wp-image-32\" src=\"http:\/\/tammegymnaasium.ee\/tammedigi\/wp-content\/uploads\/2015\/12\/vosk.jpg\" alt=\"VOSK\" width=\"653\" height=\"587\" srcset=\"https:\/\/tammegymnaasium.ee\/tammedigi\/wp-content\/uploads\/2015\/12\/vosk.jpg 653w, https:\/\/tammegymnaasium.ee\/tammedigi\/wp-content\/uploads\/2015\/12\/vosk-300x270.jpg 300w\" sizes=\"auto, (max-width: 653px) 85vw, 653px\" \/><\/p>\n<p>&nbsp;<\/p>\n","protected":false},"excerpt":{"rendered":"<p>TammeDigi on Tartu Tamme G\u00fcmnaasiumi haridustehnoloogia veebileht, mis koondab endasse juhendid, materjalid ning uudised &#8211; k\u00f5ik, mis on seotud digiajastul \u00f5ppimise ja \u00f5petamisega. TammeDigi on m\u00f5eldud abiks eelk\u00f5ige meie kooli \u00f5petajale, aga ka \u00f5pilastele. Veebileht on alles oma algusj\u00e4rgus ja t\u00e4ieneb aja jooksul. &nbsp;<\/p>\n","protected":false},"author":2,"featured_media":0,"parent":0,"menu_order":0,"comment_status":"closed","ping_status":"closed","template":"","meta":{"footnotes":""},"categories":[],"tags":[],"class_list":["post-5","page","type-page","status-publish","hentry"],"_links":{"self":[{"href":"https:\/\/tammegymnaasium.ee\/tammedigi\/wp-json\/wp\/v2\/pages\/5","targetHints":{"allow":["GET"]}}],"collection":[{"href":"https:\/\/tammegymnaasium.ee\/tammedigi\/wp-json\/wp\/v2\/pages"}],"about":[{"href":"https:\/\/tammegymnaasium.ee\/tammedigi\/wp-json\/wp\/v2\/types\/page"}],"author":[{"embeddable":true,"href":"https:\/\/tammegymnaasium.ee\/tammedigi\/wp-json\/wp\/v2\/users\/2"}],"replies":[{"embeddable":true,"href":"https:\/\/tammegymnaasium.ee\/tammedigi\/wp-json\/wp\/v2\/comments?post=5"}],"version-history":[{"count":2,"href":"https:\/\/tammegymnaasium.ee\/tammedigi\/wp-json\/wp\/v2\/pages\/5\/revisions"}],"predecessor-version":[{"id":361,"href":"https:\/\/tammegymnaasium.ee\/tammedigi\/wp-json\/wp\/v2\/pages\/5\/revisions\/361"}],"wp:attachment":[{"href":"https:\/\/tammegymnaasium.ee\/tammedigi\/wp-json\/wp\/v2\/media?parent=5"}],"wp:term":[{"taxonomy":"category","embeddable":true,"href":"https:\/\/tammegymnaasium.ee\/tammedigi\/wp-json\/wp\/v2\/categories?post=5"},{"taxonomy":"post_tag","embeddable":true,"href":"https:\/\/tammegymnaasium.ee\/tammedigi\/wp-json\/wp\/v2\/tags?post=5"}],"curies":[{"name":"wp","href":"https:\/\/api.w.org\/{rel}","templated":true}]}}