{"id":461,"date":"2017-08-31T16:59:03","date_gmt":"2017-08-31T13:59:03","guid":{"rendered":"https:\/\/tammegymnaasium.ee\/tammedigi\/?page_id=461"},"modified":"2019-02-19T13:22:16","modified_gmt":"2019-02-19T11:22:16","slug":"ainepasside-loogika","status":"publish","type":"page","link":"https:\/\/tammegymnaasium.ee\/tammedigi\/ainepasside-loogika\/","title":{"rendered":"Ainepasside loogika 2018\/2019. \u00f5a"},"content":{"rendered":"<p><strong>Ainepass<\/strong> on iga \u00f5petaja kursuse kirjeldus, millest leiab info nii eesm\u00e4rkide, \u00f5piv\u00e4ljundite, sisu kui hindamise kohta. \u00d5pilastele, lastevanematele ja klassijuhatajatele on ainepassid n\u00e4htavad Tera kaustas (ainult enda klassi ainepassid) ning k\u00f5igile on need n\u00e4htavad ka kooli kodulehel (Dokumentide all).<\/p>\n<p><strong>\u00d5ppeaasta 2018.\/2019. t\u00e4htajad:<\/strong><br \/>\n<strong>I periood: t\u00e4htaeg 7.09<\/strong>;<br \/>\n<strong>II periood: t\u00e4htaeg 30.11<\/strong>;<br \/>\n<strong>III periood ja praktikan\u00e4dal: t\u00e4htaeg 8.03,\u00a0vorm asub <a href=\"https:\/\/goo.gl\/forms\/75kLP2pwvseSnuqx2\" target=\"_blank\" rel=\"noopener\">siin<\/a><\/strong><strong>.<\/strong><\/p>\n<p><strong>Kuidas esitada ainepassi (3 v\u00f5imalust):\u00a0<\/strong><br \/>\n<span style=\"color: #000000;\">1. T\u00e4ida \u00e4ra <a href=\"https:\/\/goo.gl\/forms\/75kLP2pwvseSnuqx2\" target=\"_blank\" rel=\"noopener\">vorm<\/a> ning ainepass j\u00f5uab \u00f5petaja meilile\u00a0 ning \u00f5igesse kausta.<\/span><\/p>\n<p>2. Kui eelmise \u00f5ppeaasta v\u00f5i eelmise perioodi ainepass sobib ja\/v\u00f5i vajab vaid t\u00e4iendamist, siis tee oma t\u00e4iendused <a href=\"https:\/\/docs.google.com\/spreadsheets\/d\/18ijnLVXDqy5kUndsaecYfEKGCa8ksOa2P0V-xwSQjNA\/edit?usp=sharing\" target=\"_blank\" rel=\"noopener\">siia<\/a>. Kui oled t\u00e4iendused sisse viinud ning ainepassi andmed on tabelis \u00f5iged, siis lisa viimasesse veergu OK. Ainepass genereeritakse ning saadetakse \u00f5petaja meilile (ei tule automaatselt).<\/p>\n<p>3. Kui soovid ainepassi lisada tabeleid, s\u00fcmboleid jm, mida Google Forms ei v\u00f5imalda, siis lae alla ja t\u00e4ida <a href=\"https:\/\/drive.google.com\/open?id=1Avx6kQhMpY9JjHAp-NC_ucYT91ir4TK7\" target=\"_blank\" rel=\"noopener\">Wordi dokument<\/a>, salvesta see PDFina (<span style=\"color: #ff0000;\"><strong>faili nimetuseks: \u00f5petaja ees- ja perenimi ning kursuse nimi<\/strong><\/span>) ning saada haridustehnoloogi meilile.<\/p>\n<p>Kui j\u00e4\u00e4d h\u00e4tta eelmise aasta ainepassi t\u00e4iendamisega, siis vaata videojuhendit:<br \/>\n<iframe loading=\"lazy\" src=\"https:\/\/www.youtube.com\/embed\/hdNo-Ea47ZU\" width=\"560\" height=\"315\" frameborder=\"0\" allowfullscreen=\"allowfullscreen\"><\/iframe><\/p>\n<p><strong>Nipid<\/strong> (eelmise aasta ainepasse kasutades):<br \/>\n&#8211; Otsi oma ainepass \u00fcles (Ctrl +F) enda nime j\u00e4rgi.<br \/>\n&#8211; Vajadusel saab j\u00e4tkukursuse jaoks oma aines ainepassi rea kopeerida ning muuta vaid vajalikud lahtrid.<br \/>\n&#8211; Samas lahtris j\u00e4rgmisele reale minekuks kasuta Ctrl+enter.<br \/>\n&#8211; Esimesel tunnil saab \u00f5pilastele n\u00e4idata oma ainepassi andmeid tabelis ning nendega koost\u00f6\u00f6s vajadusel teha muutusi. Alles seej\u00e4rel esitada ainepass (lisada viimasesse lahtrisse OK).<br \/>\nNB! Kui soovitud ainepassi ei ole tabelis, siis anna haridustehnoloogile teada.<\/p>\n<p>K\u00f5ik ainepassid saavad l\u00f5puks \u00fcles seatud\u00a0kooli kodulehel.<br \/>\nAnna haridustehnoloogile teada, kui k\u00f5ik ei ole nii, kui peab.<\/p>\n","protected":false},"excerpt":{"rendered":"<p>Ainepass on iga \u00f5petaja kursuse kirjeldus, millest leiab info nii eesm\u00e4rkide, \u00f5piv\u00e4ljundite, sisu kui hindamise kohta. \u00d5pilastele, lastevanematele ja klassijuhatajatele on ainepassid n\u00e4htavad Tera kaustas (ainult enda klassi ainepassid) ning k\u00f5igile on need n\u00e4htavad ka kooli kodulehel (Dokumentide all). \u00d5ppeaasta 2018.\/2019. t\u00e4htajad: I periood: t\u00e4htaeg 7.09; II periood: t\u00e4htaeg 30.11; III periood ja praktikan\u00e4dal: t\u00e4htaeg &hellip; <a href=\"https:\/\/tammegymnaasium.ee\/tammedigi\/ainepasside-loogika\/\" class=\"more-link\">Loe edasi<span class=\"screen-reader-text\"> &#8220;Ainepasside loogika 2018\/2019. \u00f5a&#8221;<\/span><\/a><\/p>\n","protected":false},"author":2,"featured_media":0,"parent":0,"menu_order":0,"comment_status":"closed","ping_status":"closed","template":"","meta":{"footnotes":""},"categories":[],"tags":[],"class_list":["post-461","page","type-page","status-publish","hentry"],"_links":{"self":[{"href":"https:\/\/tammegymnaasium.ee\/tammedigi\/wp-json\/wp\/v2\/pages\/461","targetHints":{"allow":["GET"]}}],"collection":[{"href":"https:\/\/tammegymnaasium.ee\/tammedigi\/wp-json\/wp\/v2\/pages"}],"about":[{"href":"https:\/\/tammegymnaasium.ee\/tammedigi\/wp-json\/wp\/v2\/types\/page"}],"author":[{"embeddable":true,"href":"https:\/\/tammegymnaasium.ee\/tammedigi\/wp-json\/wp\/v2\/users\/2"}],"replies":[{"embeddable":true,"href":"https:\/\/tammegymnaasium.ee\/tammedigi\/wp-json\/wp\/v2\/comments?post=461"}],"version-history":[{"count":5,"href":"https:\/\/tammegymnaasium.ee\/tammedigi\/wp-json\/wp\/v2\/pages\/461\/revisions"}],"predecessor-version":[{"id":527,"href":"https:\/\/tammegymnaasium.ee\/tammedigi\/wp-json\/wp\/v2\/pages\/461\/revisions\/527"}],"wp:attachment":[{"href":"https:\/\/tammegymnaasium.ee\/tammedigi\/wp-json\/wp\/v2\/media?parent=461"}],"wp:term":[{"taxonomy":"category","embeddable":true,"href":"https:\/\/tammegymnaasium.ee\/tammedigi\/wp-json\/wp\/v2\/categories?post=461"},{"taxonomy":"post_tag","embeddable":true,"href":"https:\/\/tammegymnaasium.ee\/tammedigi\/wp-json\/wp\/v2\/tags?post=461"}],"curies":[{"name":"wp","href":"https:\/\/api.w.org\/{rel}","templated":true}]}}