{"id":42,"date":"2015-12-21T09:06:34","date_gmt":"2015-12-21T09:06:34","guid":{"rendered":"https:\/\/tammedigi.wordpress.com\/?page_id=42"},"modified":"2016-08-15T09:49:39","modified_gmt":"2016-08-15T06:49:39","slug":"lapsevanemale","status":"publish","type":"page","link":"https:\/\/tammegymnaasium.ee\/tammedigi\/stuudium\/lapsevanemale\/","title":{"rendered":"Lapsevanemale"},"content":{"rendered":"<p>Kui lapsevanem soovib n\u00e4ha oma lapse andmeid \u00f5ppeinfos\u00fcsteemis, siis peab ta taotlema selleks kontot.<\/p>\n<p>Tartu Tamme G\u00fcmnaasiumi \u00f5ppeinfos\u00fcsteem Stuudium asub veebiaadressil <a href=\"https:\/\/tamme.ope.ee\/\">https:\/\/tamme.ope.ee<\/a>. Avalehel valige\u00a0kollane kast \u201eesita andmed ja taotle kontot\u201c. Kui koolis k\u00e4ib mitu \u00f5pilast, siis sisestage nende isikukoodid korraga, isikukoodide vahele j\u00e4tke t\u00fchik. Peale andmete sisestamist\u00a0vaatab kool taotluse \u00fcle ning lapsevanema meiliaadressile tuleb info, kuidas edasi toimida.<\/p>\n<p>Kui konto taotlemine eba\u00f5nnestub v\u00f5i tekib muid probleeme, kirjutage\u00a0Stuudiumi abisse <a href=\"https:\/\/abi-tamme.ope.ee\/\">https:\/\/abi-tamme.ope.ee\/<\/a>.<\/p>\n<p>Uute \u00f5pilaste lapsevanemad!<\/p>\n<p>Palume esitada avaldus Stuudiumiga liitumiseks peale seda, kui lapse konto on aktiveeritud.<\/p>\n","protected":false},"excerpt":{"rendered":"<p>Kui lapsevanem soovib n\u00e4ha oma lapse andmeid \u00f5ppeinfos\u00fcsteemis, siis peab ta taotlema selleks kontot. Tartu Tamme G\u00fcmnaasiumi \u00f5ppeinfos\u00fcsteem Stuudium asub veebiaadressil https:\/\/tamme.ope.ee. Avalehel valige\u00a0kollane kast \u201eesita andmed ja taotle kontot\u201c. Kui koolis k\u00e4ib mitu \u00f5pilast, siis sisestage nende isikukoodid korraga, isikukoodide vahele j\u00e4tke t\u00fchik. Peale andmete sisestamist\u00a0vaatab kool taotluse \u00fcle ning lapsevanema meiliaadressile tuleb info, &hellip; <a href=\"https:\/\/tammegymnaasium.ee\/tammedigi\/stuudium\/lapsevanemale\/\" class=\"more-link\">Loe edasi<span class=\"screen-reader-text\"> &#8220;Lapsevanemale&#8221;<\/span><\/a><\/p>\n","protected":false},"author":2,"featured_media":0,"parent":8,"menu_order":0,"comment_status":"closed","ping_status":"closed","template":"","meta":{"footnotes":""},"categories":[],"tags":[],"class_list":["post-42","page","type-page","status-publish","hentry"],"_links":{"self":[{"href":"https:\/\/tammegymnaasium.ee\/tammedigi\/wp-json\/wp\/v2\/pages\/42","targetHints":{"allow":["GET"]}}],"collection":[{"href":"https:\/\/tammegymnaasium.ee\/tammedigi\/wp-json\/wp\/v2\/pages"}],"about":[{"href":"https:\/\/tammegymnaasium.ee\/tammedigi\/wp-json\/wp\/v2\/types\/page"}],"author":[{"embeddable":true,"href":"https:\/\/tammegymnaasium.ee\/tammedigi\/wp-json\/wp\/v2\/users\/2"}],"replies":[{"embeddable":true,"href":"https:\/\/tammegymnaasium.ee\/tammedigi\/wp-json\/wp\/v2\/comments?post=42"}],"version-history":[{"count":3,"href":"https:\/\/tammegymnaasium.ee\/tammedigi\/wp-json\/wp\/v2\/pages\/42\/revisions"}],"predecessor-version":[{"id":364,"href":"https:\/\/tammegymnaasium.ee\/tammedigi\/wp-json\/wp\/v2\/pages\/42\/revisions\/364"}],"up":[{"embeddable":true,"href":"https:\/\/tammegymnaasium.ee\/tammedigi\/wp-json\/wp\/v2\/pages\/8"}],"wp:attachment":[{"href":"https:\/\/tammegymnaasium.ee\/tammedigi\/wp-json\/wp\/v2\/media?parent=42"}],"wp:term":[{"taxonomy":"category","embeddable":true,"href":"https:\/\/tammegymnaasium.ee\/tammedigi\/wp-json\/wp\/v2\/categories?post=42"},{"taxonomy":"post_tag","embeddable":true,"href":"https:\/\/tammegymnaasium.ee\/tammedigi\/wp-json\/wp\/v2\/tags?post=42"}],"curies":[{"name":"wp","href":"https:\/\/api.w.org\/{rel}","templated":true}]}}