{"id":167,"date":"2016-01-13T14:16:54","date_gmt":"2016-01-13T12:16:54","guid":{"rendered":"http:\/\/tammegymnaasium.ee\/tammedigi\/?page_id=167"},"modified":"2016-05-31T10:18:15","modified_gmt":"2016-05-31T07:18:15","slug":"juhitud-esitlused","status":"publish","type":"page","link":"https:\/\/tammegymnaasium.ee\/tammedigi\/interaktiivne-tahvel\/juhitud-esitlused\/","title":{"rendered":"Juhitud esitlused"},"content":{"rendered":"<h1><span style=\"color: #993300;\">JUHITUD ESITLUSED<\/span><\/h1>\n<p><span style=\"color: #ff0000;\">Juhitud esitlus<\/span> v\u00f5imaldab \u00f5petajal kuvada nutiseadmesse interaktiivsel tahvlil oleva esitluse. Slaidile saab lisada ka \u00f5pilasi aktiviseerivaid \u00fclesandeid.<\/p>\n<p>Esitlust saab jagada keskkonna <a href=\"http:\/\/www.classflow.com\" target=\"_blank\">Classflow<\/a> abil.<\/p>\n<p>\u00d5petaja loob\u00a0keskkonda\u00a0oma konto:<\/p>\n<p><img loading=\"lazy\" decoding=\"async\" class=\"alignnone wp-image-188 size-full\" src=\"http:\/\/tammegymnaasium.ee\/tammedigi\/wp-content\/uploads\/2016\/01\/12.jpg\" alt=\"12\" width=\"1920\" height=\"1467\" srcset=\"https:\/\/tammegymnaasium.ee\/tammedigi\/wp-content\/uploads\/2016\/01\/12.jpg 1920w, https:\/\/tammegymnaasium.ee\/tammedigi\/wp-content\/uploads\/2016\/01\/12-300x229.jpg 300w, https:\/\/tammegymnaasium.ee\/tammedigi\/wp-content\/uploads\/2016\/01\/12-768x587.jpg 768w, https:\/\/tammegymnaasium.ee\/tammedigi\/wp-content\/uploads\/2016\/01\/12-1024x782.jpg 1024w\" sizes=\"auto, (max-width: 709px) 85vw, (max-width: 909px) 67vw, (max-width: 1362px) 62vw, 840px\" \/><\/p>\n<p><span style=\"color: #ff0000;\">Esitluse jagamine tunnis<\/span><\/p>\n<p>Tunni ajal saab esitlust jagada klassi koodi abil. Selleks peab \u00f5petaja esitluse \u00fclemisel ribal oleval mustal Classflow m\u00e4rgil sisse logima.<\/p>\n<p><img loading=\"lazy\" decoding=\"async\" class=\"alignnone size-full wp-image-189\" src=\"http:\/\/tammegymnaasium.ee\/tammedigi\/wp-content\/uploads\/2016\/01\/12.png\" alt=\"12\" width=\"249\" height=\"56\" \/>\u00d5pilane siseneb klassi veebiaadressilt <a href=\"http:\/\/www.classflow.com\/student\" target=\"_blank\">www.classflow.com\/student<\/a>\u00a0. \u00d5pilane sisestab antud koodi, valib &#8220;Join Class&#8221; ning sisestab oma nime ja valib &#8220;Join anyway&#8221;. \u00d5petaja n\u00e4eb, mitu \u00f5pilast on sisenenud klassi koodi k\u00f5rval olevas aknas. Antud joonisel on klassiga \u00fchinenud 0\u00a0\u00f5pilast.<\/p>\n<p>Igat slaidi tuleb \u00f5pilastega eraldi jagada. Selleks vali t\u00f6\u00f6riistaribal \u00fclemine tumedal taustal noolega ikoon:<\/p>\n<p><img loading=\"lazy\" decoding=\"async\" class=\"alignnone size-full wp-image-194\" src=\"http:\/\/tammegymnaasium.ee\/tammedigi\/wp-content\/uploads\/2016\/01\/15.png\" alt=\"15\" width=\"103\" height=\"217\" \/><\/p>\n<p><span style=\"color: #ff0000;\">\u00d5pilasi aktiveerivate \u00fclesannete lisamine <\/span><\/p>\n<ul>\n<li>aitab saada tagasisidet, kas teema on omandatud;<\/li>\n<li>v\u00f5imaldab saada informatsiooni, \u00f5pilaste arvamust jm mingil teemal;<\/li>\n<li>v\u00f5imaldab testida \u00f5pilasi;<\/li>\n<li>toob vaheldust tundi.<\/li>\n<\/ul>\n<p>Uuri l\u00e4hemalt teema &#8220;TESTID&#8221; alt. \/varsti tulekul\/<\/p>\n","protected":false},"excerpt":{"rendered":"<p>JUHITUD ESITLUSED Juhitud esitlus v\u00f5imaldab \u00f5petajal kuvada nutiseadmesse interaktiivsel tahvlil oleva esitluse. Slaidile saab lisada ka \u00f5pilasi aktiviseerivaid \u00fclesandeid. Esitlust saab jagada keskkonna Classflow abil. \u00d5petaja loob\u00a0keskkonda\u00a0oma konto: Esitluse jagamine tunnis Tunni ajal saab esitlust jagada klassi koodi abil. Selleks peab \u00f5petaja esitluse \u00fclemisel ribal oleval mustal Classflow m\u00e4rgil sisse logima. \u00d5pilane siseneb klassi veebiaadressilt &hellip; <a href=\"https:\/\/tammegymnaasium.ee\/tammedigi\/interaktiivne-tahvel\/juhitud-esitlused\/\" class=\"more-link\">Loe edasi<span class=\"screen-reader-text\"> &#8220;Juhitud esitlused&#8221;<\/span><\/a><\/p>\n","protected":false},"author":2,"featured_media":0,"parent":10,"menu_order":0,"comment_status":"closed","ping_status":"closed","template":"","meta":{"footnotes":""},"categories":[],"tags":[],"class_list":["post-167","page","type-page","status-publish","hentry"],"_links":{"self":[{"href":"https:\/\/tammegymnaasium.ee\/tammedigi\/wp-json\/wp\/v2\/pages\/167","targetHints":{"allow":["GET"]}}],"collection":[{"href":"https:\/\/tammegymnaasium.ee\/tammedigi\/wp-json\/wp\/v2\/pages"}],"about":[{"href":"https:\/\/tammegymnaasium.ee\/tammedigi\/wp-json\/wp\/v2\/types\/page"}],"author":[{"embeddable":true,"href":"https:\/\/tammegymnaasium.ee\/tammedigi\/wp-json\/wp\/v2\/users\/2"}],"replies":[{"embeddable":true,"href":"https:\/\/tammegymnaasium.ee\/tammedigi\/wp-json\/wp\/v2\/comments?post=167"}],"version-history":[{"count":5,"href":"https:\/\/tammegymnaasium.ee\/tammedigi\/wp-json\/wp\/v2\/pages\/167\/revisions"}],"predecessor-version":[{"id":349,"href":"https:\/\/tammegymnaasium.ee\/tammedigi\/wp-json\/wp\/v2\/pages\/167\/revisions\/349"}],"up":[{"embeddable":true,"href":"https:\/\/tammegymnaasium.ee\/tammedigi\/wp-json\/wp\/v2\/pages\/10"}],"wp:attachment":[{"href":"https:\/\/tammegymnaasium.ee\/tammedigi\/wp-json\/wp\/v2\/media?parent=167"}],"wp:term":[{"taxonomy":"category","embeddable":true,"href":"https:\/\/tammegymnaasium.ee\/tammedigi\/wp-json\/wp\/v2\/categories?post=167"},{"taxonomy":"post_tag","embeddable":true,"href":"https:\/\/tammegymnaasium.ee\/tammedigi\/wp-json\/wp\/v2\/tags?post=167"}],"curies":[{"name":"wp","href":"https:\/\/api.w.org\/{rel}","templated":true}]}}