{"id":165,"date":"2016-05-31T10:33:02","date_gmt":"2016-05-31T07:33:02","guid":{"rendered":"http:\/\/tammegymnaasium.ee\/tammedigi\/?page_id=165"},"modified":"2016-06-02T09:18:00","modified_gmt":"2016-06-02T06:18:00","slug":"lehitsejad-ehk-brauserid","status":"publish","type":"page","link":"https:\/\/tammegymnaasium.ee\/tammedigi\/lehitsejad-ehk-brauserid\/","title":{"rendered":"Lehitsejad ehk brauserid"},"content":{"rendered":"<h1><span style=\"color: #993300;\">BRAUSERID ehk\u00a0LEHITSEJAD<\/span><\/h1>\n<p>asuvad enamasti\u00a0vasakul pool. \u00a0Neid saab\u00a0eest\u00a0\u00e4ra peitu\u00a0viia klikkides\u00a0nn\u00a0knopkal. P\u00e4ris \u00e4ra saab\u00a0brauserid\u00a0klikkides\u00a0ristil. Tagasi saab need tuua\u00a0men\u00fc\u00fc VIEW alt klikkides &#8220;Browsers&#8221;.<\/p>\n<p><strong><span style=\"color: #ff0000;\">PAGE BROWSER ehk SLAIDIDE LEHITSEJA<\/span><\/strong> n\u00e4itab tunnikava slaide<\/p>\n<p><img loading=\"lazy\" decoding=\"async\" class=\"alignnone size-full wp-image-353\" src=\"http:\/\/tammegymnaasium.ee\/tammedigi\/wp-content\/uploads\/2016\/05\/brauserid2.png\" alt=\"brauserid2\" width=\"2\" height=\"1\" \/><img loading=\"lazy\" decoding=\"async\" class=\"alignnone size-full wp-image-353\" src=\"http:\/\/tammegymnaasium.ee\/tammedigi\/wp-content\/uploads\/2016\/05\/brauserid2.png\" alt=\"brauserid2\" width=\"2\" height=\"1\" \/><img loading=\"lazy\" decoding=\"async\" class=\"alignnone size-full wp-image-354\" src=\"http:\/\/tammegymnaasium.ee\/tammedigi\/wp-content\/uploads\/2016\/05\/brauserid2-1.png\" alt=\"brauserid2\" width=\"836\" height=\"869\" srcset=\"https:\/\/tammegymnaasium.ee\/tammedigi\/wp-content\/uploads\/2016\/05\/brauserid2-1.png 836w, https:\/\/tammegymnaasium.ee\/tammedigi\/wp-content\/uploads\/2016\/05\/brauserid2-1-289x300.png 289w, https:\/\/tammegymnaasium.ee\/tammedigi\/wp-content\/uploads\/2016\/05\/brauserid2-1-768x798.png 768w\" sizes=\"auto, (max-width: 836px) 85vw, 836px\" \/><\/p>\n<p>&nbsp;<\/p>\n<p><strong><span style=\"color: #ff0000;\">RESOURCE BROWSER ehk MATERJALIDE LEHITSEJA<\/span><\/strong> v\u00f5imaldab kasutada ja otsida valmis materjale nii ActivInspire kogust kui ka arvutist ja veebist.<\/p>\n<p><img loading=\"lazy\" decoding=\"async\" class=\"alignnone wp-image-356 size-full\" src=\"http:\/\/tammegymnaasium.ee\/tammedigi\/wp-content\/uploads\/2016\/05\/brauserid4-1.png\" alt=\"brauserid4\" width=\"836\" height=\"693\" srcset=\"https:\/\/tammegymnaasium.ee\/tammedigi\/wp-content\/uploads\/2016\/05\/brauserid4-1.png 836w, https:\/\/tammegymnaasium.ee\/tammedigi\/wp-content\/uploads\/2016\/05\/brauserid4-1-300x249.png 300w, https:\/\/tammegymnaasium.ee\/tammedigi\/wp-content\/uploads\/2016\/05\/brauserid4-1-768x637.png 768w\" sizes=\"auto, (max-width: 836px) 85vw, 836px\" \/>Materjalide kogust on v\u00f5imalik leida taustu, ruudustikke, kaarte, pilte, illustratsioone jm. Veebist otsides satutakse esmalt Promethean Planeti veebilehele, kust saab alla laadida erinevaid materjalide komplekte. Veel tasub uurida jagatud materjale \u00f5ppeainete j\u00e4rgi (Subjects)<\/p>\n<p>Leitud materjali saab mugavalt oma slaidile lohistada.<\/p>\n<p>Tempel v\u00f5imaldab illustratsioone nn tembeldada slaidile<br \/>\nSeadetest saab muuta illustratsiooni taustav\u00e4rvi l\u00e4bipaistvaks.<\/p>\n<p><strong><span style=\"color: #ff0000;\">OBJECT BROWSER ehk\u00a0OBJEKTIDE LEHITSEJA<\/span><\/strong><br \/>\nObjektideks loetakse k\u00f5ike, mida me tunnikavale lisame. Objektide lehitseja aitab objekte slaididel hallata.<\/p>\n<p>Igal objektil on pealmine, keskmine ja alumine kiht ning taust.<\/p>\n<p>Vaikimisi jaotuvad j\u00e4rgmised tegevused kihiti:<br \/>\nTop layer (pealmine): pen (pliiats), highlighter (allajoonija), magic ink (maagiline tint)<br \/>\nMiddle layer (keskmine): tekstikastid, pildid, kujundid<br \/>\nBottom layer (alumine): k\u00f5ik, mis tehakse \u00fchendajate (Connector) abil.<br \/>\nBackground (taust): taust, ruudustik, slaidi v\u00e4rv.<\/p>\n<p>Objekte saab slaidil lukustada (Locked) ja peita (Hidden).<\/p>\n<p><strong><span style=\"color: #ff0000;\">NOTES BROWSER ehk\u00a0M\u00c4RKMETE LEHITSEJA<\/span><\/strong><br \/>\nTunnikavadele saab lisada m\u00e4rkmeid ja kommentaare. Neid saab niisama tr\u00fckkida v\u00f5i avades tekstiredaktori (Format Toolbar). Kui antud slaidile on lisatud m\u00e4rkmed, siis tekib tunnikava \u00fclaribale lehek\u00fclje numbri ette kollane m\u00e4rkmepaber. M\u00e4rkmeid saab v\u00e4lja tr\u00fckkida kas koos slaididega v\u00f5i ilma.<\/p>\n<p><strong><span style=\"color: #ff0000;\">PROPERTY BROWSER ehk\u00a0 OMADUSTE LEHITSEJA<\/span><\/strong><br \/>\nOmaduste lehitseja v\u00f5imaldab n\u00e4ha valitud slaidi v\u00f5i objekti k\u00f5iki omadusi korraga ning neid kiiresti muuta. Nii saab oma tunnikavadele lisada interaktiivsust.<\/p>\n<p><strong><span style=\"color: #ff0000;\">ACTION BROWSER ehk\u00a0TEGEVUSTE LEHITSEJA<\/span><\/strong><br \/>\nLehitseja v\u00f5imaldab objektidele kiiresti lisada tegevuse. Tegevus toimub, kui slaidil valida tegevusega seostatud objekt. N\u00e4iteks mine j\u00e4rgmisele slaidile, muuda objekti suurust, ava link v\u00f5i dokument, alusta h\u00e4\u00e4letamist vm. Samuti saab siit kergesti tegevust muuta v\u00f5i kustutada.<\/p>\n<p><strong><span style=\"color: #ff0000;\">VOTING BROWSER ehk H\u00c4\u00c4LETAMISE LEHITSEJA<\/span><\/strong><br \/>\nAntud lehitseja aitab hallata klikkereid, viia l\u00e4bi h\u00e4\u00e4letusi ning hallata h\u00e4\u00e4letustulemusi.<\/p>\n","protected":false},"excerpt":{"rendered":"<p>BRAUSERID ehk\u00a0LEHITSEJAD asuvad enamasti\u00a0vasakul pool. \u00a0Neid saab\u00a0eest\u00a0\u00e4ra peitu\u00a0viia klikkides\u00a0nn\u00a0knopkal. P\u00e4ris \u00e4ra saab\u00a0brauserid\u00a0klikkides\u00a0ristil. Tagasi saab need tuua\u00a0men\u00fc\u00fc VIEW alt klikkides &#8220;Browsers&#8221;. PAGE BROWSER ehk SLAIDIDE LEHITSEJA n\u00e4itab tunnikava slaide &nbsp; RESOURCE BROWSER ehk MATERJALIDE LEHITSEJA v\u00f5imaldab kasutada ja otsida valmis materjale nii ActivInspire kogust kui ka arvutist ja veebist. Materjalide kogust on v\u00f5imalik leida taustu, ruudustikke, &hellip; <a href=\"https:\/\/tammegymnaasium.ee\/tammedigi\/lehitsejad-ehk-brauserid\/\" class=\"more-link\">Loe edasi<span class=\"screen-reader-text\"> &#8220;Lehitsejad ehk brauserid&#8221;<\/span><\/a><\/p>\n","protected":false},"author":2,"featured_media":0,"parent":0,"menu_order":0,"comment_status":"closed","ping_status":"closed","template":"","meta":{"footnotes":""},"categories":[],"tags":[],"class_list":["post-165","page","type-page","status-publish","hentry"],"_links":{"self":[{"href":"https:\/\/tammegymnaasium.ee\/tammedigi\/wp-json\/wp\/v2\/pages\/165","targetHints":{"allow":["GET"]}}],"collection":[{"href":"https:\/\/tammegymnaasium.ee\/tammedigi\/wp-json\/wp\/v2\/pages"}],"about":[{"href":"https:\/\/tammegymnaasium.ee\/tammedigi\/wp-json\/wp\/v2\/types\/page"}],"author":[{"embeddable":true,"href":"https:\/\/tammegymnaasium.ee\/tammedigi\/wp-json\/wp\/v2\/users\/2"}],"replies":[{"embeddable":true,"href":"https:\/\/tammegymnaasium.ee\/tammedigi\/wp-json\/wp\/v2\/comments?post=165"}],"version-history":[{"count":5,"href":"https:\/\/tammegymnaasium.ee\/tammedigi\/wp-json\/wp\/v2\/pages\/165\/revisions"}],"predecessor-version":[{"id":358,"href":"https:\/\/tammegymnaasium.ee\/tammedigi\/wp-json\/wp\/v2\/pages\/165\/revisions\/358"}],"wp:attachment":[{"href":"https:\/\/tammegymnaasium.ee\/tammedigi\/wp-json\/wp\/v2\/media?parent=165"}],"wp:term":[{"taxonomy":"category","embeddable":true,"href":"https:\/\/tammegymnaasium.ee\/tammedigi\/wp-json\/wp\/v2\/categories?post=165"},{"taxonomy":"post_tag","embeddable":true,"href":"https:\/\/tammegymnaasium.ee\/tammedigi\/wp-json\/wp\/v2\/tags?post=165"}],"curies":[{"name":"wp","href":"https:\/\/api.w.org\/{rel}","templated":true}]}}