{"id":159,"date":"2016-05-30T11:54:32","date_gmt":"2016-05-30T08:54:32","guid":{"rendered":"http:\/\/tammegymnaasium.ee\/tammedigi\/?page_id=159"},"modified":"2016-05-31T09:56:00","modified_gmt":"2016-05-31T06:56:00","slug":"pohimenuud","status":"publish","type":"page","link":"https:\/\/tammegymnaasium.ee\/tammedigi\/pohimenuud\/","title":{"rendered":"P\u00f5himen\u00fc\u00fcd"},"content":{"rendered":"<p><a name=\"top\"><\/a><\/p>\n<h1><span style=\"color: #993300;\">P\u00d5HIMEN\u00dc\u00dcD<\/span><\/h1>\n<p>\u00dclaservas asuvad p\u00f5himen\u00fc\u00fcd; seej\u00e4rel avatud tunnikavad (n\u00e4iteks salvestamata uus kava &#8220;Untitled&#8221;); classflow aken; kujundamise re\u017eiim; tunnikava lehek\u00fclgede arv ning mitmendal lehel asume; slaidi pinna suurendamine; t\u00e4isekraan.<\/p>\n<p><img loading=\"lazy\" decoding=\"async\" class=\"alignnone size-full wp-image-317\" src=\"http:\/\/tammegymnaasium.ee\/tammedigi\/wp-content\/uploads\/2016\/05\/menyyd.png\" alt=\"menyyd\" width=\"1148\" height=\"263\" srcset=\"https:\/\/tammegymnaasium.ee\/tammedigi\/wp-content\/uploads\/2016\/05\/menyyd.png 1148w, https:\/\/tammegymnaasium.ee\/tammedigi\/wp-content\/uploads\/2016\/05\/menyyd-300x69.png 300w, https:\/\/tammegymnaasium.ee\/tammedigi\/wp-content\/uploads\/2016\/05\/menyyd-768x176.png 768w, https:\/\/tammegymnaasium.ee\/tammedigi\/wp-content\/uploads\/2016\/05\/menyyd-1024x235.png 1024w\" sizes=\"auto, (max-width: 709px) 85vw, (max-width: 909px) 67vw, (max-width: 1362px) 62vw, 840px\" \/><\/p>\n<p>L\u00e4hemalt p\u00f5himen\u00fc\u00fcdest:<br \/>\n<strong><span style=\"color: #ff0000;\">FILE<\/span><\/strong><\/p>\n<p>[ezcol_1half]<img loading=\"lazy\" decoding=\"async\" class=\"alignnone size-full wp-image-297\" src=\"http:\/\/tammegymnaasium.ee\/tammedigi\/wp-content\/uploads\/2016\/05\/3.jpg\" alt=\"3\" width=\"435\" height=\"385\" srcset=\"https:\/\/tammegymnaasium.ee\/tammedigi\/wp-content\/uploads\/2016\/05\/3.jpg 435w, https:\/\/tammegymnaasium.ee\/tammedigi\/wp-content\/uploads\/2016\/05\/3-300x266.jpg 300w\" sizes=\"auto, (max-width: 435px) 85vw, 435px\" \/>[\/ezcol_1half] [ezcol_1half_end]New Flipchart &#8211; uus tunnikava<\/p>\n<p>Open Recent &#8211; pakutakse viimati loodud tunnikavu<\/p>\n<p>Import &#8211; saab importida Powerpoint esitlusi jm<\/p>\n<p>Export &#8211; saab alla laadida PDF, JPEG, BMP formaadis<\/p>\n<p style=\"text-align: left;\">Settings &#8211; seadete muutmine [\/ezcol_1half_end]<br \/>\n<a href=\"#top\">\u00dcLES<\/a><\/p>\n<p style=\"text-align: left;\"><strong><span style=\"color: #ff0000;\">EDIT &#8211; redigeeri<\/span><\/strong><br \/>\n[ezcol_1half]<img loading=\"lazy\" decoding=\"async\" class=\"alignnone size-full wp-image-299\" src=\"http:\/\/tammegymnaasium.ee\/tammedigi\/wp-content\/uploads\/2016\/05\/5.jpg\" alt=\"5\" width=\"346\" height=\"436\" srcset=\"https:\/\/tammegymnaasium.ee\/tammedigi\/wp-content\/uploads\/2016\/05\/5.jpg 346w, https:\/\/tammegymnaasium.ee\/tammedigi\/wp-content\/uploads\/2016\/05\/5-238x300.jpg 238w\" sizes=\"auto, (max-width: 346px) 85vw, 346px\" \/>[\/ezcol_1half] [ezcol_1half_end]<\/p>\n<ul style=\"text-align: left;\">\n<li>Undo &#8211; kustutab viimase k\u00e4igu<\/li>\n<li>Redo &#8211; toob viimase k\u00e4igu tagasi<\/li>\n<li>Select &#8211; kui t\u00f6\u00f6riista ei kasuta, siis on see funktsioon aktiivne<\/li>\n<li>Page Background &#8211; taust<\/li>\n<li>Grid &#8211; ruudustiku lisamine<\/li>\n<li>Clear &#8211; kustuta (saab kustutatada annotatsioone, esemeid, ruudustikku, tausta, kogu tunnikava)<\/li>\n<li>Cut &#8211; l\u00f5ika<\/li>\n<li>Copy &#8211; kopeeri<\/li>\n<li>Paste &#8211; kleebi<\/li>\n<li>Duplicate &#8211; teeb koopia<\/li>\n<li>Delete &#8211; kustuta<\/li>\n<li>Questions on Current Page&#8230; &#8211; k\u00fcsimused antud slaidil<\/li>\n<li>Student Database &#8211; \u00f5pilaste andmebaas<\/li>\n<li>Groups&#8230; &#8211; grupid<\/li>\n<li>Device Registration &#8211; klikkerite registreerimine<\/li>\n<li>Profiles &#8211; profiilid<\/li>\n<li>Design Mode Settings &#8211; kujundamise re\u017eiimi seaded<\/li>\n<\/ul>\n<p style=\"text-align: left;\">[\/ezcol_1half_end]<br \/>\n<a href=\"#top\">\u00dcLES<\/a><\/p>\n<p style=\"text-align: left;\"><strong><span style=\"color: #ff0000;\">VIEW &#8211; vaade<\/span><\/strong><\/p>\n<ul style=\"text-align: left;\">\n<li>[ezcol_1half]<img loading=\"lazy\" decoding=\"async\" class=\"alignnone size-full wp-image-300\" src=\"http:\/\/tammegymnaasium.ee\/tammedigi\/wp-content\/uploads\/2016\/05\/6.jpg\" alt=\"6\" width=\"177\" height=\"270\" \/>[\/ezcol_1half] [ezcol_1half_end]Switch Profile &#8211; l\u00fclitu teisele profiilile<\/li>\n<li>Fullscreen &#8211; t\u00e4isekraan<\/li>\n<li>Flipcharts &#8211; tunnikavad<\/li>\n<li>Next page &#8211; j\u00e4rgmine slaid<\/li>\n<li>Previous page &#8211; eelmine slaid<\/li>\n<li>Page Turn Effects &#8211; \u00fchelt slaidilt teisele minemise efektid<\/li>\n<li>Page Zoom with Pen -slaidi saab pliiatsiga zuumida [\/ezcol_1half_end]Kui j\u00e4rgmistel valikutel on linnuke ees, siis on nad ekraanil n\u00e4htavad. Kui linnuke eest \u00e4ra v\u00f5tta, siis neid ekraanil ei n\u00e4e.<\/li>\n<li>Browsers &#8211; brauserid ehk lehitsejad<\/li>\n<li>Menubar &#8211; men\u00fc\u00fcriba<\/li>\n<li>Document tabs &#8211; tunnikavade\u00a0nimed<\/li>\n<li>Flipchart bin &#8211; pr\u00fcgikast<\/li>\n<li>Dashboard &#8211; t\u00f6\u00f6laud<\/li>\n<li>Page Extender &#8211; lehek\u00fclje pikendaja<\/li>\n<\/ul>\n<p style=\"text-align: left;\"><a href=\"#top\">\u00dcLES<\/a><\/p>\n<p style=\"text-align: left;\"><strong><span style=\"color: #ff0000;\">INSERT &#8211; sisesta<\/span><\/strong><br \/>\n[ezcol_1half]<br \/>\n<img decoding=\"async\" class=\"alignnone size-full wp-image-301\" src=\"http:\/\/tammegymnaasium.ee\/tammedigi\/wp-content\/uploads\/2016\/05\/7.jpg\" alt=\"7\" width=\"397\" height=\"&quot;209\" srcset=\"https:\/\/tammegymnaasium.ee\/tammedigi\/wp-content\/uploads\/2016\/05\/7.jpg 397w, https:\/\/tammegymnaasium.ee\/tammedigi\/wp-content\/uploads\/2016\/05\/7-300x158.jpg 300w\" sizes=\"(max-width: 397px) 85vw, 397px\" \/>[\/ezcol_1half] [ezcol_1half_end]<\/p>\n<ul style=\"text-align: left;\">\n<li>Page &#8211; uus slaid<\/li>\n<\/ul>\n<p style=\"text-align: left;\">Blank Page Before Currant &#8211; t\u00fchi slaid enne praegust<br \/>\nBlank Pge After Currant &#8211; t\u00fchi slaid p\u00e4rast praegust<br \/>\nDesktop snapshot &#8211; arvuti t\u00f6\u00f6laua ekraanipilt<\/p>\n<ul style=\"text-align: left;\">\n<li>Questions&#8230; &#8211; k\u00fcsimused<\/li>\n<li>Media&#8230; &#8211; pilt, fail jms.<\/li>\n<li>Link &#8211; arvutist, veebist, saab ka vistutada slaidile<\/li>\n<\/ul>\n<p style=\"text-align: left;\">[\/ezcol_1half_end]<br \/>\n<a href=\"#top\">\u00dcLES<\/a><\/p>\n<p style=\"text-align: left;\"><strong><span style=\"color: #ff0000;\">TOOLS<\/span><span style=\"color: #ff0000;\"> &#8211; t\u00f6\u00f6riistad<\/span><\/strong><\/p>\n<p style=\"text-align: left;\">[ezcol_1half]<img loading=\"lazy\" decoding=\"async\" class=\"alignnone size-full wp-image-304\" src=\"http:\/\/tammegymnaasium.ee\/tammedigi\/wp-content\/uploads\/2016\/05\/10.jpg\" alt=\"10\" width=\"397\" height=\"473\" srcset=\"https:\/\/tammegymnaasium.ee\/tammedigi\/wp-content\/uploads\/2016\/05\/10.jpg 397w, https:\/\/tammegymnaasium.ee\/tammedigi\/wp-content\/uploads\/2016\/05\/10-252x300.jpg 252w\" sizes=\"auto, (max-width: 397px) 85vw, 397px\" \/>[\/ezcol_1half] [ezcol_1half_end]<\/p>\n<ul style=\"text-align: left;\">\n<li>Desktop Annotate &#8211; saab kirjutada, alla joonida arvuti t\u00f6\u00f6laual lahti oleval dokumendil<\/li>\n<li>Desktop Tools &#8211; t\u00f6\u00f6laua t\u00f6\u00f6riistad<\/li>\n<li>Dual User &#8211; tahvli juures kaks kirjutajat<\/li>\n<li>ExpressPoll &#8211; kiirk\u00fcsitlus<\/li>\n<li>Pen &#8211; pliiats<\/li>\n<li>Highlighter &#8211; allajoonija<\/li>\n<li>Eraser &#8211; kustutaja<\/li>\n<li>Fill &#8211; v\u00e4rviga t\u00e4ide<\/li>\n<li>Magic Ink &#8211; maagiline tint<\/li>\n<li>Pen Modifiers &#8211; pliiatsi t\u00f6\u00f6riistaga saab teha kujundeid<\/li>\n<li>Handwriting Recognition &#8211; tuvastab k\u00e4ekirja<\/li>\n<li>Shape Recognition &#8211; tuvastab kujundi<\/li>\n<li>Revealer &#8211; eesriie<\/li>\n<li>Spotlight &#8211; aken (t\u00e4helepanu koondudnud \u00fchte punkti)<\/li>\n<li>Camera &#8211;\u00a0kaamera<\/li>\n<li>Maths Tools &#8211; matemaatika t\u00f6\u00f6riistad<\/li>\n<li>More Tools -veel t\u00f6\u00f6riistu:<\/li>\n<\/ul>\n<p style=\"text-align: left;\">[\/ezcol_1half_end]<br \/>\nSound Recorder &#8211; h\u00e4\u00e4le salvestamine<br \/>\nScreen Recorder &#8211; ekraanisalvestus (t\u00e4isekraan v\u00f5i osaline)<br \/>\nOn-screen Keyboard &#8211; ekraaniklaviatuur<br \/>\nClock &#8211; kell<br \/>\nTickertape &#8211; nn uudisvoog<br \/>\nWeb browser &#8211; veebilehitseja<br \/>\nEdit User defined Buttons &#8211; saab anda l\u00fchik\u00e4sklusi<br \/>\n<a href=\"#top\">\u00dcLES<\/a><\/p>\n<p style=\"text-align: left;\"><span style=\"color: #ff0000;\"><strong>HELP &#8211; abi<\/strong><\/span><br \/>\n[ezcol_1half]<img loading=\"lazy\" decoding=\"async\" class=\"alignnone size-full wp-image-305\" src=\"http:\/\/tammegymnaasium.ee\/tammedigi\/wp-content\/uploads\/2016\/05\/11.jpg\" alt=\"11\" width=\"152\" height=\"131\" \/>[\/ezcol_1half] [ezcol_1half_end]Ingliskeelne abi<br \/>\nContents &#8211; sisu<br \/>\nWhat&#8217;s new &#8211; mis on uut<br \/>\nCheck for updates&#8230; -kontrolli uuendusi[\/ezcol_1half_end]<br \/>\n<a href=\"#top\">\u00dcLES<\/a><br \/>\n<code><iframe loading=\"lazy\" src=\"https:\/\/www.youtube.com\/embed\/Y_iOBz3zc0s\" width=\"854\" height=\"480\" frameborder=\"0\" allowfullscreen=\"allowfullscreen\"><\/iframe><\/code><a href=\"#top\">\u00dcLES<\/a><\/p>\n","protected":false},"excerpt":{"rendered":"<p>P\u00d5HIMEN\u00dc\u00dcD \u00dclaservas asuvad p\u00f5himen\u00fc\u00fcd; seej\u00e4rel avatud tunnikavad (n\u00e4iteks salvestamata uus kava &#8220;Untitled&#8221;); classflow aken; kujundamise re\u017eiim; tunnikava lehek\u00fclgede arv ning mitmendal lehel asume; slaidi pinna suurendamine; t\u00e4isekraan. L\u00e4hemalt p\u00f5himen\u00fc\u00fcdest: FILE [ezcol_1half][\/ezcol_1half] [ezcol_1half_end]New Flipchart &#8211; uus tunnikava Open Recent &#8211; pakutakse viimati loodud tunnikavu Import &#8211; saab importida Powerpoint esitlusi jm Export &#8211; saab alla laadida &hellip; <a href=\"https:\/\/tammegymnaasium.ee\/tammedigi\/pohimenuud\/\" class=\"more-link\">Loe edasi<span class=\"screen-reader-text\"> &#8220;P\u00f5himen\u00fc\u00fcd&#8221;<\/span><\/a><\/p>\n","protected":false},"author":2,"featured_media":0,"parent":0,"menu_order":0,"comment_status":"closed","ping_status":"closed","template":"","meta":{"footnotes":""},"categories":[],"tags":[],"class_list":["post-159","page","type-page","status-publish","hentry"],"_links":{"self":[{"href":"https:\/\/tammegymnaasium.ee\/tammedigi\/wp-json\/wp\/v2\/pages\/159","targetHints":{"allow":["GET"]}}],"collection":[{"href":"https:\/\/tammegymnaasium.ee\/tammedigi\/wp-json\/wp\/v2\/pages"}],"about":[{"href":"https:\/\/tammegymnaasium.ee\/tammedigi\/wp-json\/wp\/v2\/types\/page"}],"author":[{"embeddable":true,"href":"https:\/\/tammegymnaasium.ee\/tammedigi\/wp-json\/wp\/v2\/users\/2"}],"replies":[{"embeddable":true,"href":"https:\/\/tammegymnaasium.ee\/tammedigi\/wp-json\/wp\/v2\/comments?post=159"}],"version-history":[{"count":5,"href":"https:\/\/tammegymnaasium.ee\/tammedigi\/wp-json\/wp\/v2\/pages\/159\/revisions"}],"predecessor-version":[{"id":339,"href":"https:\/\/tammegymnaasium.ee\/tammedigi\/wp-json\/wp\/v2\/pages\/159\/revisions\/339"}],"wp:attachment":[{"href":"https:\/\/tammegymnaasium.ee\/tammedigi\/wp-json\/wp\/v2\/media?parent=159"}],"wp:term":[{"taxonomy":"category","embeddable":true,"href":"https:\/\/tammegymnaasium.ee\/tammedigi\/wp-json\/wp\/v2\/categories?post=159"},{"taxonomy":"post_tag","embeddable":true,"href":"https:\/\/tammegymnaasium.ee\/tammedigi\/wp-json\/wp\/v2\/tags?post=159"}],"curies":[{"name":"wp","href":"https:\/\/api.w.org\/{rel}","templated":true}]}}