{"id":11,"date":"2015-12-19T12:33:45","date_gmt":"2015-12-19T12:33:45","guid":{"rendered":"https:\/\/tammedigi.wordpress.com\/?page_id=9"},"modified":"2018-11-23T15:41:10","modified_gmt":"2018-11-23T13:41:10","slug":"opetajale","status":"publish","type":"page","link":"https:\/\/tammegymnaasium.ee\/tammedigi\/stuudium\/opetajale\/","title":{"rendered":"\u00d5petajale"},"content":{"rendered":"<p><span style=\"font-weight: 400; color: #800000;\">P\u00c4EVIKUTE LISAMINE<\/span><\/p>\n<p>\u00d5petaja loob ise enda \u00f5ppeaine p\u00e4eviku.<br \/>\n<b>Kui Sinu \u00f5ppeainet ei ole rippmen\u00fc\u00fcs<\/b><span style=\"font-weight: 400;\">, siis kirjuta haridustehnoloogile. <\/span><\/p>\n<p><span style=\"font-weight: 400;\">Kohustusliku kursuse ning kohustusliku suunakursuse nimetus peab klappima \u00f5ppeainete loendiga \u00f5ppekavas (\u00a79).<\/span><br \/>\n<a href=\"https:\/\/tammegymnaasium.ee\/wp-content\/uploads\/2015\/04\/Tartu-Tamme-Gymnaasiumi-oppekava_1-2_53.pdf\"><span style=\"font-weight: 400;\">https:\/\/tammegymnaasium.ee\/wp-content\/uploads\/2015\/04\/Tartu-Tamme-Gymnaasiumi-oppekava_1-2_53.pdf<\/span><\/a><\/p>\n<p><strong>Valikkursuse<\/strong> jaoks vali p\u00e4evik, mille l\u00f5pus on (valikkursus). Kui Sinu aine j\u00e4tkub, siis on 2 v\u00f5imalust p\u00e4eviku loomiseks:<br \/>\n1) vali olemasolevas p\u00e4evikus j\u00e4rgmine kursus v\u00f5i<br \/>\n2) loo uus p\u00e4evik.<\/p>\n<p><span style=\"color: #993300;\">\u00d5PPEMATERJALID\/T\u00d6\u00d6DE ESITAMINE<\/span><\/p>\n<p><strong>\u00d5ppematerjalide<\/strong>\u00a0jaoks\/\u00f5ppekeskkonnana\u00a0 \u00a0saad kasutada:<\/p>\n<ol>\n<li>Stuudiumi Tera kausta;<\/li>\n<li>kooli Drive&#8217;i &#8211; igal \u00f5pilasel on oma koolikonto;<\/li>\n<li>HITSA Moodlet &#8211; anna sellest haridustehnoloogile teada.<\/li>\n<\/ol>\n<p><span style=\"font-weight: 400; color: #800000;\">SUHTLUSE GRUPPIDEST<\/span><\/p>\n<p><span style=\"font-weight: 400;\">Kui te soovite veel gruppe (nt lapsevanemad+klassijuhataja v\u00f5i lapsevanemad, klassijuhataja ja \u00f5pilased) \u2013 andke haridustehnoloogile teada.<\/span><br \/>\n<span style=\"font-weight: 400;\">Kui te soovite veel gruppe erinevatele Stuudiumi kasutajatele (nt. matemaatika\u00f5petajad, \u00f5pilasesindus jne) \u2013 palun teada anda.<\/span><\/p>\n<p><span style=\"color: #800000;\">ABI<\/span><\/p>\n<p>Stuudiumi <a href=\"https:\/\/abi-tamme.ope.ee\/info\/\">abiartiklid<\/a>\u00a0 aitavad, kui m\u00f5ni asi on ununenud v\u00f5i teed esmakordselt. Alati saab abi haridustehnoloogilt (n\u00e4iteks sisetelefonil 083).<\/p>\n","protected":false},"excerpt":{"rendered":"<p>P\u00c4EVIKUTE LISAMINE \u00d5petaja loob ise enda \u00f5ppeaine p\u00e4eviku. Kui Sinu \u00f5ppeainet ei ole rippmen\u00fc\u00fcs, siis kirjuta haridustehnoloogile. Kohustusliku kursuse ning kohustusliku suunakursuse nimetus peab klappima \u00f5ppeainete loendiga \u00f5ppekavas (\u00a79). https:\/\/tammegymnaasium.ee\/wp-content\/uploads\/2015\/04\/Tartu-Tamme-Gymnaasiumi-oppekava_1-2_53.pdf Valikkursuse jaoks vali p\u00e4evik, mille l\u00f5pus on (valikkursus). Kui Sinu aine j\u00e4tkub, siis on 2 v\u00f5imalust p\u00e4eviku loomiseks: 1) vali olemasolevas p\u00e4evikus j\u00e4rgmine kursus v\u00f5i &hellip; <a href=\"https:\/\/tammegymnaasium.ee\/tammedigi\/stuudium\/opetajale\/\" class=\"more-link\">Loe edasi<span class=\"screen-reader-text\"> &#8220;\u00d5petajale&#8221;<\/span><\/a><\/p>\n","protected":false},"author":2,"featured_media":0,"parent":8,"menu_order":0,"comment_status":"closed","ping_status":"closed","template":"","meta":{"footnotes":""},"categories":[],"tags":[],"class_list":["post-11","page","type-page","status-publish","hentry"],"_links":{"self":[{"href":"https:\/\/tammegymnaasium.ee\/tammedigi\/wp-json\/wp\/v2\/pages\/11","targetHints":{"allow":["GET"]}}],"collection":[{"href":"https:\/\/tammegymnaasium.ee\/tammedigi\/wp-json\/wp\/v2\/pages"}],"about":[{"href":"https:\/\/tammegymnaasium.ee\/tammedigi\/wp-json\/wp\/v2\/types\/page"}],"author":[{"embeddable":true,"href":"https:\/\/tammegymnaasium.ee\/tammedigi\/wp-json\/wp\/v2\/users\/2"}],"replies":[{"embeddable":true,"href":"https:\/\/tammegymnaasium.ee\/tammedigi\/wp-json\/wp\/v2\/comments?post=11"}],"version-history":[{"count":5,"href":"https:\/\/tammegymnaasium.ee\/tammedigi\/wp-json\/wp\/v2\/pages\/11\/revisions"}],"predecessor-version":[{"id":511,"href":"https:\/\/tammegymnaasium.ee\/tammedigi\/wp-json\/wp\/v2\/pages\/11\/revisions\/511"}],"up":[{"embeddable":true,"href":"https:\/\/tammegymnaasium.ee\/tammedigi\/wp-json\/wp\/v2\/pages\/8"}],"wp:attachment":[{"href":"https:\/\/tammegymnaasium.ee\/tammedigi\/wp-json\/wp\/v2\/media?parent=11"}],"wp:term":[{"taxonomy":"category","embeddable":true,"href":"https:\/\/tammegymnaasium.ee\/tammedigi\/wp-json\/wp\/v2\/categories?post=11"},{"taxonomy":"post_tag","embeddable":true,"href":"https:\/\/tammegymnaasium.ee\/tammedigi\/wp-json\/wp\/v2\/tags?post=11"}],"curies":[{"name":"wp","href":"https:\/\/api.w.org\/{rel}","templated":true}]}}