{"id":7,"date":"2018-08-21T15:09:15","date_gmt":"2018-08-21T12:09:15","guid":{"rendered":"https:\/\/tammegymnaasium.ee\/ku\/?page_id=7"},"modified":"2022-02-25T13:43:28","modified_gmt":"2022-02-25T11:43:28","slug":"projektist","status":"publish","type":"page","link":"https:\/\/tammegymnaasium.ee\/ku\/projektist\/","title":{"rendered":"Projektist"},"content":{"rendered":"<p>Meie kooli k\u00f5ige uuem suund on kultuurisuund, mis reorganiseeriti \u00fcmber humanitaarsuunast aastal 2016. Antud projekt &#8220;Kultuurisuuna innovatsioon&#8221;on ellu kutsutud kultuurisuuna kursuste arendamiseks.<\/p>\n<p>Kultuurisuuna ainekava sisaldab kolme t\u00e4iesti uut suunakursust, \u00fcks igal g\u00fcmnaasiumiaastal: <strong>kultuurisuuna tutvustuskursus<\/strong> koost\u00f6\u00f6s Tartu \u00dclikooliga, <strong>20. sajandi l\u00f5imitud Euroopa kultuurilugu<\/strong> ning r\u00fchmades toimuv <strong>projektikursus<\/strong>. Antud kursustele on vaja v\u00e4lja t\u00f6\u00f6tada ainepassid, neid testida ning arendada. Soovime, et \u00f5pe suunaainetes oleks senisest enam \u00f5ppijale aktiivsem ning kaasaks t\u00e4nap\u00e4eva digitehnoloogilisi v\u00f5imalusi. Samuti p\u00fc\u00fcame p\u00f6\u00f6rata suuremat r\u00f5hku ainetevahelisele l\u00f5imingule ning koost\u00f6\u00f6le \u00f5petajate vahel. Kultuurisuunale planeerime v\u00e4lja t\u00f6\u00f6tada ka <strong>valikkursust<\/strong>, mis sisaldab\u00a0muuseume ja nende materjale tutvustaist ja anal\u00fc\u00fcsi ning toob kultuurip\u00e4randi kaasaega audiovisaalsete ning digikeskkondade kasutamise kaudu. Uuenduskuuri vajavad ka kultuurisuuna <strong>praktikad\u00a0<\/strong>nii kaasaegsete \u00f5ppemeetodite lisamise (nt multimeedia kasutamine) kui ka IKT vahendite kasutamist koost\u00f6\u00f6 organiseerimisel, praktika peegeldusel, t\u00f6\u00f6\u00fclesannete vormistamisel ja tagasisidetamisel.<\/p>\n<p>Projekti raames toimub 5 \u00f5pir\u00e4nnet, kokku 12 mobiilsust.<\/p>\n<p>Neljale koolitusele minnakse paarikaupa, et arendada koost\u00f6\u00f6oskusi, anal\u00fc\u00fcsida ja peegeldada \u00f5pitut ja kogetut teineteisele ning osalejaid keeleliselt toetada:<\/p>\n<ul>\n<li>T\u00fcrgi, Istanbul &#8211; Digital extra: eLearning for schools and museums;<\/li>\n<li>Holland, &#8211; Creativity\u00a0in teaching and training &amp; how to use music, art, ICT and outdoor activities\u00a0in education;<\/li>\n<li>Itaalia, Firenze &#8211;\u00a0Integrating Creativity and Innovation into Teaching;<\/li>\n<li>Iirimaa, Dublin &#8211;\u00a0Photo &amp; Video Making in our Classroom: Creating and Adapting Visual Resources<\/li>\n<\/ul>\n<p>\u00dchele \u00f5pir\u00e4ndele minnakse neljakesi eesm\u00e4rgiga arendada meeskonnat\u00f6\u00f6oskusi kogu kultuurisuuna arendamisel:<\/p>\n<ul>\n<li>Kreeka &#8211; Museum Walks.<\/li>\n<\/ul>\n<p>Projekti tulemusena saab \u00f5pe kultuurisuunal juurde Euroopa m\u00f5\u00f5tme, kursustele lisatakse \u00f5pir\u00e4nnetel \u00f5pitud uuenduslikke meetodeid, l\u00f5imingut ning digivahendite kasutamist. Viiakse l\u00e4bi ka rahvusvaheline\u00a0 projekt \u00f5pilastega.<\/p>\n<p>Projekti kvantitatiivsed tulemused:<\/p>\n<p>12 \u00f5pir\u00e4nnet sooritatud;<br \/>\n12 blogipostitust projekti veebisaidile lisatud;<br \/>\n4 uut kultuurisuuna aineprogrammi loodud (3 uut suunaainet, 1 vabavalikkursus);<br \/>\n4 innovaatilist \u00f5pistsenaariumi projekti veebilehel \u00fcles laetud;<br \/>\n4 avatud tundi kolleegidele antud;<br \/>\n2 praktikakursuste aineprogrammi kaasajastatud;<br \/>\n1 rahvusvaheline projekt l\u00e4bi viidud;<br \/>\n5 \u00f5pir\u00e4nde kogemuse tutvustust l\u00e4bi viidud kolleegidele K5 seminaril;<br \/>\n2 \u00f5pir\u00e4nnete tulemuste tutvustamist kahes Tartu linna aine\u00fchenduses l\u00e4bi viidud;<br \/>\n1 artikkel kultuurisuuna arendamisest\u00a0 ilmunud.<\/p>\n","protected":false},"excerpt":{"rendered":"<p>Meie kooli k\u00f5ige uuem suund on kultuurisuund, mis reorganiseeriti \u00fcmber humanitaarsuunast aastal 2016. Antud projekt &#8220;Kultuurisuuna innovatsioon&#8221;on ellu kutsutud kultuurisuuna kursuste arendamiseks. Kultuurisuuna ainekava sisaldab kolme t\u00e4iesti uut suunakursust, \u00fcks igal g\u00fcmnaasiumiaastal: kultuurisuuna tutvustuskursus koost\u00f6\u00f6s Tartu \u00dclikooliga, 20. sajandi l\u00f5imitud Euroopa kultuurilugu ning r\u00fchmades toimuv projektikursus. Antud kursustele on vaja v\u00e4lja t\u00f6\u00f6tada ainepassid, neid testida &hellip; <a href=\"https:\/\/tammegymnaasium.ee\/ku\/projektist\/\" class=\"more-link\">Loe edasi<span class=\"screen-reader-text\"> &#8220;Projektist&#8221;<\/span><\/a><\/p>\n","protected":false},"author":2,"featured_media":0,"parent":0,"menu_order":0,"comment_status":"closed","ping_status":"closed","template":"","meta":{"footnotes":""},"class_list":["post-7","page","type-page","status-publish","hentry"],"_links":{"self":[{"href":"https:\/\/tammegymnaasium.ee\/ku\/wp-json\/wp\/v2\/pages\/7","targetHints":{"allow":["GET"]}}],"collection":[{"href":"https:\/\/tammegymnaasium.ee\/ku\/wp-json\/wp\/v2\/pages"}],"about":[{"href":"https:\/\/tammegymnaasium.ee\/ku\/wp-json\/wp\/v2\/types\/page"}],"author":[{"embeddable":true,"href":"https:\/\/tammegymnaasium.ee\/ku\/wp-json\/wp\/v2\/users\/2"}],"replies":[{"embeddable":true,"href":"https:\/\/tammegymnaasium.ee\/ku\/wp-json\/wp\/v2\/comments?post=7"}],"version-history":[{"count":5,"href":"https:\/\/tammegymnaasium.ee\/ku\/wp-json\/wp\/v2\/pages\/7\/revisions"}],"predecessor-version":[{"id":316,"href":"https:\/\/tammegymnaasium.ee\/ku\/wp-json\/wp\/v2\/pages\/7\/revisions\/316"}],"wp:attachment":[{"href":"https:\/\/tammegymnaasium.ee\/ku\/wp-json\/wp\/v2\/media?parent=7"}],"curies":[{"name":"wp","href":"https:\/\/api.w.org\/{rel}","templated":true}]}}