{"id":33,"date":"2018-09-21T19:22:37","date_gmt":"2018-09-21T16:22:37","guid":{"rendered":"https:\/\/tammegymnaasium.ee\/ku\/?page_id=33"},"modified":"2022-02-25T14:19:16","modified_gmt":"2022-02-25T12:19:16","slug":"tulemused","status":"publish","type":"page","link":"https:\/\/tammegymnaasium.ee\/ku\/tulemused\/","title":{"rendered":"Tulemused"},"content":{"rendered":"<div class=\"su-accordion su-u-trim\">\n<div class=\"su-spoiler su-spoiler-style-fancy su-spoiler-icon-plus\" data-scroll-offset=\"0\" data-anchor-in-url=\"no\"><div class=\"su-spoiler-title\" tabindex=\"0\" role=\"button\"><span class=\"su-spoiler-icon\"><\/span><strong>ETTEVALMISTUS<\/strong><\/div><div class=\"su-spoiler-content su-u-clearfix su-u-trim\">\n<strong>ETTEVALMISTUS<\/strong><\/p>\n<p>30.08.2018 Projekti veebisait on loodud &#8211; <a href=\"http:\/\/tammegymnaasium.ee\/ku\">tammegymnaasium.ee\/ku<\/a><\/p>\n<p>15.09.2018 \u00d5pir\u00e4nnete ettevalmistavad materjalid &#8211; <a href=\"https:\/\/tammegymnaasium.ee\/ku\/ingliskeelsed-materjalid-kooli-eesti-ja-eesti-haridussusteemi-tutvustamiseks\/\" target=\"_blank\" rel=\"noopener noreferrer\">ingliskeelsed tutvustused<\/a><\/p>\n<p>04.2019 &#8211; 05.2019 inglise keele vestluskursus<\/p>\n<p>sisekoolitus &#8220;Veebip\u00f5hised koost\u00f6\u00f6vahendid&#8221; &#8211; <a href=\"https:\/\/docs.google.com\/presentation\/d\/1UqtyPbekt-zUoZwcyHXKq2-fdtaXhSfPwcm67BB7DxM\/edit?usp=sharing\" target=\"_blank\" rel=\"noopener noreferrer\">esitlus<\/a><br \/>\n<\/div><\/div>\n<div class=\"su-spoiler su-spoiler-style-fancy su-spoiler-icon-plus su-spoiler-closed\" data-scroll-offset=\"0\" data-anchor-in-url=\"no\"><div class=\"su-spoiler-title\" tabindex=\"0\" role=\"button\"><span class=\"su-spoiler-icon\"><\/span><strong>\u00d5PIR\u00c4NDED<\/strong><\/div><div class=\"su-spoiler-content su-u-clearfix su-u-trim\">\n<p><strong>\u00d5PIR\u00c4NDED<\/strong><\/p>\n<p>17.03-23.03. 2019 <a href=\"https:\/\/tammegymnaasium.ee\/ku\/category\/istanbul\/\" target=\"_blank\" rel=\"noopener\">\u00f5pir\u00e4nne Istanbuli<\/a><\/p>\n<p>30.06-06.07.2019 <a href=\"https:\/\/tammegymnaasium.ee\/ku\/category\/kalamata\/\">\u00f5pir\u00e4nne Kalamatale<\/a><\/p>\n<p>12.08-17.08.2019 <a href=\"https:\/\/tammegymnaasium.ee\/ku\/category\/dublin\/\">\u00f5pir\u00e4nne Dublinisse<\/a><\/p>\n<p>13.10-19.10.2019 <a href=\"https:\/\/tammegymnaasium.ee\/ku\/category\/assen\/\">\u00f5pir\u00e4nne Hollandisse<\/a><\/p>\n<p>24.02-29.02. 2020 <a href=\"https:\/\/tammegymnaasium.ee\/ku\/category\/firenze\/\">\u00f5pir\u00e4nne Firenzesse<\/a><br \/>\n<\/div><\/div>\n<div class=\"su-spoiler su-spoiler-style-fancy su-spoiler-icon-plus su-spoiler-closed\" data-scroll-offset=\"0\" data-anchor-in-url=\"no\"><div class=\"su-spoiler-title\" tabindex=\"0\" role=\"button\"><span class=\"su-spoiler-icon\"><\/span><strong>RAHVUSVAHELINE KOOST\u00d6\u00d6PROJEKT \u00d5PILASTEGA<\/strong><\/div><div class=\"su-spoiler-content su-u-clearfix su-u-trim\">\n<p><strong>RAHVUSVAHELINE KOOST\u00d6\u00d6PROJEKT \u00d5PILASTEGA<\/strong><\/p>\n<p>Rahvusvaheline koost\u00f6\u00f6projekt toimus Ungari Budenzi Keskkooli \u00f5pilastega m\u00e4rtsis-aprillis 2020. Teemad, mida me k\u00e4sitlesime olid: koolide tutvustused (US), oma maa tutvustus, kultuuri- ja teadussaadikud.<\/p>\n<p>Otsustasime oma projekti varem l\u00f5petada ja piirdudagi nende kolme teemaga seoses koroona 1. klaine tulekuga.<\/p>\n<p>\u00d5pilaste t\u00f6\u00f6de n\u00e4ited: <a href=\"https:\/\/drive.google.com\/file\/d\/1ZKZ1iwKgSFp2lS0jEMgUf0nU5xGGp2je\/view?usp=sharing\" target=\"_blank\" rel=\"noopener noreferrer\">video 1<\/a>, <a href=\"https:\/\/drive.google.com\/file\/d\/1eHiUDT2QRpWgJVrBlZmmAFJyvjWU6cd_\/view?usp=sharing\" target=\"_blank\" rel=\"noopener noreferrer\">video 2<\/a>.<br \/>\n<\/div><\/div> <div class=\"su-spoiler su-spoiler-style-fancy su-spoiler-icon-plus su-spoiler-closed\" data-scroll-offset=\"0\" data-anchor-in-url=\"no\"><div class=\"su-spoiler-title\" tabindex=\"0\" role=\"button\"><span class=\"su-spoiler-icon\"><\/span><strong>AINEPASSID<\/strong><\/div><div class=\"su-spoiler-content su-u-clearfix su-u-trim\">\n<p><strong>AINEPASSID<\/strong><\/p>\n<p><a href=\"https:\/\/tammegymnaasium.ee\/ku\/ainepass-kultuurisuuna-tutvustuskursus\/\">Kultuurisuuna tutvustuskursus<\/a><\/p>\n<p><a href=\"https:\/\/tammegymnaasium.ee\/ku\/20-sajandi-kultuurilugu\/\">20. sajandi kultuuriloo kursus<\/a><\/p>\n<p><a href=\"https:\/\/tammegymnaasium.ee\/ku\/kultuuriprojekti-kursus-materiaalne-kultuur-usund-ja-muut\/\">Projektikursus: materiaalne kultuur, usund ja m\u00fc\u00fct<\/a><\/p>\n<p><a href=\"https:\/\/tammegymnaasium.ee\/ku\/kultuuriprojekti-kursus-folkloor-ja-etnograafia\/\">Projektikursus: etnograafia ja folkloor<\/a><\/p>\n<p><a href=\"https:\/\/tammegymnaasium.ee\/ku\/keskkonna-ja-kultuurilugu\/\">Praktikakursus 10. klassi l\u00f5pus: keskkonna- ja kultuurilugu<\/a><\/p>\n<p><a href=\"https:\/\/tammegymnaasium.ee\/ku\/folkloorilugu\/\">Praktikakursus 11. klassi l\u00f5pus: folkloorilugu<\/a><\/p>\n<p><a href=\"https:\/\/tammegymnaasium.ee\/ku\/parandtehnoloogia-ja-rahvakunst\/\">Vabavalikkursus: p\u00e4randtehnoloogia ja rahvakunst<\/a><br \/>\n<\/div><\/div> <div class=\"su-spoiler su-spoiler-style-fancy su-spoiler-icon-plus su-spoiler-closed\" data-scroll-offset=\"0\" data-anchor-in-url=\"no\"><div class=\"su-spoiler-title\" tabindex=\"0\" role=\"button\"><span class=\"su-spoiler-icon\"><\/span><strong>\u00d5PISTSENAARIUMID<\/strong><\/div><div class=\"su-spoiler-content su-u-clearfix su-u-trim\">\n<strong>\u00d5PISTSENAARIUMID<\/strong><\/p>\n<p>1 <a href=\"https:\/\/tammegymnaasium.ee\/ku\/opistsenaarium-1\/\">D\u00fcstoopia<\/a><\/p>\n<p>2 <a href=\"https:\/\/tammegymnaasium.ee\/ku\/opistsenaarium-2\/\">Raadiosaade Eesti heliloojast<\/a><\/p>\n<p>3 <a href=\"https:\/\/tammegymnaasium.ee\/ku\/opistsenaarium-3\/\">Vaikne kena kohakene<\/a><\/p>\n<p>4 <a href=\"https:\/\/tammegymnaasium.ee\/ku\/opistsenaarium-4\/\">Aeg ja kultuur said kokku teljel<\/a><\/p>\n<p>5 <a href=\"https:\/\/tammegymnaasium.ee\/ku\/opistsenaarium-5\/\">Mina arvan nii&#8230;<\/a><\/p>\n<p>6 M<a href=\"https:\/\/tammegymnaasium.ee\/ku\/opistsenaarium-6-kinda-lugu\/\">inu kinda lugu<\/a><\/p>\n<p>7 <a href=\"https:\/\/tammegymnaasium.ee\/ku\/opistsenaarium-7-kaib-too-ja-kultuur-koos\/\">K\u00e4ib t\u00f6\u00f6 ja &#8230;kultuur koos<\/a><\/p>\n<p>8 <a href=\"https:\/\/tammegymnaasium.ee\/ku\/opistsenaarium-8-virtuaalne-muuseum\/\">Ma avan t\u00e4na oma virtuaalse n\u00e4ituse<\/a><br \/>\n<\/div><\/div> <div class=\"su-spoiler su-spoiler-style-fancy su-spoiler-icon-plus su-spoiler-closed\" data-scroll-offset=\"0\" data-anchor-in-url=\"no\"><div class=\"su-spoiler-title\" tabindex=\"0\" role=\"button\"><span class=\"su-spoiler-icon\"><\/span><strong>LEVITUSTEGEVUSED<\/strong><\/div><div class=\"su-spoiler-content su-u-clearfix su-u-trim\">\n<strong>LEVITUSTEGEVUSED<\/strong><\/p>\n<p>Projekti tutvustus haridustehnoloogide \u00fchenduse 2019 koosolekul: <a href=\"https:\/\/docs.google.com\/presentation\/d\/1U84gjX-s6j8DIupaqU3xMT6TEb2fHaxyAzDCfdZ8Xz8\/edit?usp=sharing\" target=\"_blank\" rel=\"noopener noreferrer\">esitlus<\/a><\/p>\n<p>Kultuurisuuna kursuste ja projekti tutvustus eesti keele aine\u00fchenduse koosolekul 2020: <a href=\"https:\/\/docs.google.com\/presentation\/d\/1N_1wV6T8IP8HeBi5l8ktKVS4MB0g4kM5\/edit?usp=sharing&amp;ouid=104364988852188245712&amp;rtpof=true&amp;sd=true\" target=\"_blank\" rel=\"noopener noreferrer\">esitlus<\/a><\/p>\n<p>Algselt planeeritud ajaleheartikli asemel otsustasime blogipostituse kasuks. Kuna projektitegevused l\u00fckkusid v\u00e4ga pikale perioodile, siis v\u00f5tsime projekti kokku viimases <a href=\"https:\/\/tammegymnaasium.ee\/ku\/2021\/12\/19\/tagasivaade-projektile\/\">blogipostituses.<\/a><br \/>\n<\/div><\/div> <\/div>\n","protected":false},"excerpt":{"rendered":"","protected":false},"author":2,"featured_media":0,"parent":0,"menu_order":0,"comment_status":"closed","ping_status":"closed","template":"","meta":{"footnotes":""},"class_list":["post-33","page","type-page","status-publish","hentry"],"_links":{"self":[{"href":"https:\/\/tammegymnaasium.ee\/ku\/wp-json\/wp\/v2\/pages\/33","targetHints":{"allow":["GET"]}}],"collection":[{"href":"https:\/\/tammegymnaasium.ee\/ku\/wp-json\/wp\/v2\/pages"}],"about":[{"href":"https:\/\/tammegymnaasium.ee\/ku\/wp-json\/wp\/v2\/types\/page"}],"author":[{"embeddable":true,"href":"https:\/\/tammegymnaasium.ee\/ku\/wp-json\/wp\/v2\/users\/2"}],"replies":[{"embeddable":true,"href":"https:\/\/tammegymnaasium.ee\/ku\/wp-json\/wp\/v2\/comments?post=33"}],"version-history":[{"count":5,"href":"https:\/\/tammegymnaasium.ee\/ku\/wp-json\/wp\/v2\/pages\/33\/revisions"}],"predecessor-version":[{"id":324,"href":"https:\/\/tammegymnaasium.ee\/ku\/wp-json\/wp\/v2\/pages\/33\/revisions\/324"}],"wp:attachment":[{"href":"https:\/\/tammegymnaasium.ee\/ku\/wp-json\/wp\/v2\/media?parent=33"}],"curies":[{"name":"wp","href":"https:\/\/api.w.org\/{rel}","templated":true}]}}