{"id":232,"date":"2020-02-19T20:03:04","date_gmt":"2020-02-19T18:03:04","guid":{"rendered":"https:\/\/tammegymnaasium.ee\/ku\/?page_id=232"},"modified":"2022-02-19T20:34:02","modified_gmt":"2022-02-19T18:34:02","slug":"opistsenaarium-8-virtuaalne-muuseum","status":"publish","type":"page","link":"https:\/\/tammegymnaasium.ee\/ku\/opistsenaarium-8-virtuaalne-muuseum\/","title":{"rendered":"\u00d5pistsenaarium 8: ma avan t\u00e4na oma virtuaalse n\u00e4ituse"},"content":{"rendered":"<p>Activity: &#8220;Look, find, guess!&#8221; (Kalamata kursuselt)<\/p>\n<p>\u00dclesanne: muuseumik\u00fclastuse jooksul\u00a0 otsi esemeid, mis sind k\u00f5netavad ja vastavad kolmes etapis toodud kriteeriumitele. Tee neist esemetest fotod ning kogu tekstilist materjali. P\u00e4rast k\u00fclastust koosta fotodest virtuaalne n\u00e4itus keskkonnas <a href=\"https:\/\/www.artsteps.com\/\">Artsteps.<\/a><\/p>\n<p>Etapp 1: Leia enda jaoks:<\/p>\n<ul>\n<li>ese, mis on sinu arvates k\u00f5ige vanem;<\/li>\n<li>ese, mis on sinu arvates k\u00f5ige uuem;<\/li>\n<li>ese, mis on sinu arvates k\u00f5ige huvitavam.<\/li>\n<\/ul>\n<p>Etapp 2: Vali 1- 3 eset, mida pidid p\u00f5hjalikumalt uurima (l\u00e4htuvalt praktika eesm\u00e4rkidest. Tee foto(d) ja kogu informatsiooni nii muuseumist kui veebist (viitamine!)<\/p>\n<p>Etapp 3: Leia enda jaoks:<\/p>\n<ul>\n<li>esemetel erinevaid detaile, mis on Sinu jaoks huvitavad. tee neist detailidest fotod, aga ka tervikfotod, et n\u00e4ha, kus detailid asuvad.<\/li>\n<\/ul>\n","protected":false},"excerpt":{"rendered":"<p>Activity: &#8220;Look, find, guess!&#8221; (Kalamata kursuselt) \u00dclesanne: muuseumik\u00fclastuse jooksul\u00a0 otsi esemeid, mis sind k\u00f5netavad ja vastavad kolmes etapis toodud kriteeriumitele. Tee neist esemetest fotod ning kogu tekstilist materjali. P\u00e4rast k\u00fclastust koosta fotodest virtuaalne n\u00e4itus keskkonnas Artsteps. Etapp 1: Leia enda jaoks: ese, mis on sinu arvates k\u00f5ige vanem; ese, mis on sinu arvates k\u00f5ige uuem; &hellip; <a href=\"https:\/\/tammegymnaasium.ee\/ku\/opistsenaarium-8-virtuaalne-muuseum\/\" class=\"more-link\">Loe edasi<span class=\"screen-reader-text\"> &#8220;\u00d5pistsenaarium 8: ma avan t\u00e4na oma virtuaalse n\u00e4ituse&#8221;<\/span><\/a><\/p>\n","protected":false},"author":2,"featured_media":0,"parent":0,"menu_order":0,"comment_status":"closed","ping_status":"closed","template":"","meta":{"footnotes":""},"class_list":["post-232","page","type-page","status-publish","hentry"],"_links":{"self":[{"href":"https:\/\/tammegymnaasium.ee\/ku\/wp-json\/wp\/v2\/pages\/232","targetHints":{"allow":["GET"]}}],"collection":[{"href":"https:\/\/tammegymnaasium.ee\/ku\/wp-json\/wp\/v2\/pages"}],"about":[{"href":"https:\/\/tammegymnaasium.ee\/ku\/wp-json\/wp\/v2\/types\/page"}],"author":[{"embeddable":true,"href":"https:\/\/tammegymnaasium.ee\/ku\/wp-json\/wp\/v2\/users\/2"}],"replies":[{"embeddable":true,"href":"https:\/\/tammegymnaasium.ee\/ku\/wp-json\/wp\/v2\/comments?post=232"}],"version-history":[{"count":4,"href":"https:\/\/tammegymnaasium.ee\/ku\/wp-json\/wp\/v2\/pages\/232\/revisions"}],"predecessor-version":[{"id":250,"href":"https:\/\/tammegymnaasium.ee\/ku\/wp-json\/wp\/v2\/pages\/232\/revisions\/250"}],"wp:attachment":[{"href":"https:\/\/tammegymnaasium.ee\/ku\/wp-json\/wp\/v2\/media?parent=232"}],"curies":[{"name":"wp","href":"https:\/\/api.w.org\/{rel}","templated":true}]}}