{"id":230,"date":"2020-02-19T19:57:22","date_gmt":"2020-02-19T17:57:22","guid":{"rendered":"https:\/\/tammegymnaasium.ee\/ku\/?page_id=230"},"modified":"2022-02-19T20:02:46","modified_gmt":"2022-02-19T18:02:46","slug":"opistsenaarium-7-kaib-too-ja-kultuur-koos","status":"publish","type":"page","link":"https:\/\/tammegymnaasium.ee\/ku\/opistsenaarium-7-kaib-too-ja-kultuur-koos\/","title":{"rendered":"\u00d5pistsenaarium 7: k\u00e4ib t\u00f6\u00f6 ja &#8230;kultuur koos"},"content":{"rendered":"<p>\u00dclesanne: Selle praktika eesm\u00e4rgiks on ka erinevate kultuurivaldkonna ametitega tutvumine. Praktika jooksul k\u00fclastame erinevaid paiku ja kohti. Leia erinevate elualade esindajaid ja pildista v\u00f5i filmi neid (vajadusel k\u00fcsi luba v\u00f5i\u00a0 p\u00fc\u00fca j\u00e4\u00e4dvustada eriala nii, et inimese n\u00e4gu ei ole n\u00e4ha). Viimasel p\u00e4eval saate oma r\u00fchmas sobivad pildid ja filmiklipid kokku panna \u00fchiseks r\u00fchmat\u00f6\u00f6na esitatavaks dilmiks.<\/p>\n<p>Kursusel &#8220;Digital Exra&#8221; tegime analoogset \u00fclesannet &#8211; pidime leidma Istanbulis erinevate elualade esindajaid.<\/p>\n<p>https:\/\/drive.google.com\/file\/d\/1XNsgwC1R05lIzXrZWMOAwUAbrn42L480\/view?usp=sharing<\/p>\n","protected":false},"excerpt":{"rendered":"<p>\u00dclesanne: Selle praktika eesm\u00e4rgiks on ka erinevate kultuurivaldkonna ametitega tutvumine. Praktika jooksul k\u00fclastame erinevaid paiku ja kohti. Leia erinevate elualade esindajaid ja pildista v\u00f5i filmi neid (vajadusel k\u00fcsi luba v\u00f5i\u00a0 p\u00fc\u00fca j\u00e4\u00e4dvustada eriala nii, et inimese n\u00e4gu ei ole n\u00e4ha). Viimasel p\u00e4eval saate oma r\u00fchmas sobivad pildid ja filmiklipid kokku panna \u00fchiseks r\u00fchmat\u00f6\u00f6na esitatavaks dilmiks. &hellip; <a href=\"https:\/\/tammegymnaasium.ee\/ku\/opistsenaarium-7-kaib-too-ja-kultuur-koos\/\" class=\"more-link\">Loe edasi<span class=\"screen-reader-text\"> &#8220;\u00d5pistsenaarium 7: k\u00e4ib t\u00f6\u00f6 ja &#8230;kultuur koos&#8221;<\/span><\/a><\/p>\n","protected":false},"author":2,"featured_media":0,"parent":0,"menu_order":0,"comment_status":"closed","ping_status":"closed","template":"","meta":{"footnotes":""},"class_list":["post-230","page","type-page","status-publish","hentry"],"_links":{"self":[{"href":"https:\/\/tammegymnaasium.ee\/ku\/wp-json\/wp\/v2\/pages\/230","targetHints":{"allow":["GET"]}}],"collection":[{"href":"https:\/\/tammegymnaasium.ee\/ku\/wp-json\/wp\/v2\/pages"}],"about":[{"href":"https:\/\/tammegymnaasium.ee\/ku\/wp-json\/wp\/v2\/types\/page"}],"author":[{"embeddable":true,"href":"https:\/\/tammegymnaasium.ee\/ku\/wp-json\/wp\/v2\/users\/2"}],"replies":[{"embeddable":true,"href":"https:\/\/tammegymnaasium.ee\/ku\/wp-json\/wp\/v2\/comments?post=230"}],"version-history":[{"count":1,"href":"https:\/\/tammegymnaasium.ee\/ku\/wp-json\/wp\/v2\/pages\/230\/revisions"}],"predecessor-version":[{"id":231,"href":"https:\/\/tammegymnaasium.ee\/ku\/wp-json\/wp\/v2\/pages\/230\/revisions\/231"}],"wp:attachment":[{"href":"https:\/\/tammegymnaasium.ee\/ku\/wp-json\/wp\/v2\/media?parent=230"}],"curies":[{"name":"wp","href":"https:\/\/api.w.org\/{rel}","templated":true}]}}