{"id":226,"date":"2020-02-19T19:47:30","date_gmt":"2020-02-19T17:47:30","guid":{"rendered":"https:\/\/tammegymnaasium.ee\/ku\/?page_id=226"},"modified":"2022-02-19T19:57:08","modified_gmt":"2022-02-19T17:57:08","slug":"opistsenaarium-6-kinda-lugu","status":"publish","type":"page","link":"https:\/\/tammegymnaasium.ee\/ku\/opistsenaarium-6-kinda-lugu\/","title":{"rendered":"\u00d5pistsenaarium 6: minu kinda lugu"},"content":{"rendered":"<p>\u00dclesanne: Kogu oma kinda kohta kogu info kokku \u00fchte faili, kus on kirjas<\/p>\n<ul>\n<li>t\u00f6\u00f6 nimi ehk tiitelleht,<\/li>\n<li>lugu kindast (miks sa selle mustri\/kinda valisid, mida kududes tundsid),<\/li>\n<li>muis.ee lehelt info (v\u00f5ib ka mujalt, nt intervjuu vanaemaga),<\/li>\n<li>mustriskeem, kui on siis ka pilte t\u00f6\u00f6protsessist (v\u00f5imalusel),<\/li>\n<li>kindlasti nn reklaamfoto valmis kinnastest.<\/li>\n<\/ul>\n<p>V\u00f5id kasutada thinglink keskkonda kinda loo juures, \u00f5petaja n\u00e4ide:<\/p>\n<p>https:\/\/www.thinglink.com\/scene\/903002976652623874<\/p>\n<p>&nbsp;<\/p>\n","protected":false},"excerpt":{"rendered":"<p>\u00dclesanne: Kogu oma kinda kohta kogu info kokku \u00fchte faili, kus on kirjas t\u00f6\u00f6 nimi ehk tiitelleht, lugu kindast (miks sa selle mustri\/kinda valisid, mida kududes tundsid), muis.ee lehelt info (v\u00f5ib ka mujalt, nt intervjuu vanaemaga), mustriskeem, kui on siis ka pilte t\u00f6\u00f6protsessist (v\u00f5imalusel), kindlasti nn reklaamfoto valmis kinnastest. V\u00f5id kasutada thinglink keskkonda kinda loo &hellip; <a href=\"https:\/\/tammegymnaasium.ee\/ku\/opistsenaarium-6-kinda-lugu\/\" class=\"more-link\">Loe edasi<span class=\"screen-reader-text\"> &#8220;\u00d5pistsenaarium 6: minu kinda lugu&#8221;<\/span><\/a><\/p>\n","protected":false},"author":2,"featured_media":0,"parent":0,"menu_order":0,"comment_status":"closed","ping_status":"closed","template":"","meta":{"footnotes":""},"class_list":["post-226","page","type-page","status-publish","hentry"],"_links":{"self":[{"href":"https:\/\/tammegymnaasium.ee\/ku\/wp-json\/wp\/v2\/pages\/226","targetHints":{"allow":["GET"]}}],"collection":[{"href":"https:\/\/tammegymnaasium.ee\/ku\/wp-json\/wp\/v2\/pages"}],"about":[{"href":"https:\/\/tammegymnaasium.ee\/ku\/wp-json\/wp\/v2\/types\/page"}],"author":[{"embeddable":true,"href":"https:\/\/tammegymnaasium.ee\/ku\/wp-json\/wp\/v2\/users\/2"}],"replies":[{"embeddable":true,"href":"https:\/\/tammegymnaasium.ee\/ku\/wp-json\/wp\/v2\/comments?post=226"}],"version-history":[{"count":3,"href":"https:\/\/tammegymnaasium.ee\/ku\/wp-json\/wp\/v2\/pages\/226\/revisions"}],"predecessor-version":[{"id":229,"href":"https:\/\/tammegymnaasium.ee\/ku\/wp-json\/wp\/v2\/pages\/226\/revisions\/229"}],"wp:attachment":[{"href":"https:\/\/tammegymnaasium.ee\/ku\/wp-json\/wp\/v2\/media?parent=226"}],"curies":[{"name":"wp","href":"https:\/\/api.w.org\/{rel}","templated":true}]}}