{"id":216,"date":"2021-02-19T19:39:42","date_gmt":"2021-02-19T17:39:42","guid":{"rendered":"https:\/\/tammegymnaasium.ee\/ku\/?page_id=216"},"modified":"2022-02-19T20:20:13","modified_gmt":"2022-02-19T18:20:13","slug":"opistsenaarium-5","status":"publish","type":"page","link":"https:\/\/tammegymnaasium.ee\/ku\/opistsenaarium-5\/","title":{"rendered":"\u00d5pistsenaarium 5: mina arvan nii&#8230;"},"content":{"rendered":"<p>Distants\u00f5ppel on kirjanduse tunnile omast arutelu keeruline l\u00e4bi viia. \u00dc\u00fchiste m\u00f5tete kogumiseks saab kasutada\u00a0 Padletit. \u00dches tunnis tuli tunni teema kokku v\u00f5tmiseks tuli \u00f5pilastel postitada oma nimega v\u00e4ike m\u00f5tteavaldus tsitaadile \u201cElada ja surra v\u00f5ib auga ja autult, v\u00e4\u00e4rikalt ja v\u00e4\u00e4ritult. Selles, mis juhtub, on inimesel v\u00e4ga v\u00e4he kaasa r\u00e4\u00e4kida, k\u00fcll aga s\u00f5ltub inimesest, kuidas midagi juhtub. Siin on vastus inimese vabadusele.\u201d Teine Padlet puudutab keskajakirjandust.<\/p>\n<div id='gallery-1' class='gallery galleryid-216 gallery-columns-3 gallery-size-medium'><figure class='gallery-item'>\n\t\t\t<div class='gallery-icon landscape'>\n\t\t\t\t<a href='https:\/\/tammegymnaasium.ee\/ku\/opistsenaarium-5\/padlet_antiigikursus\/'><img loading=\"lazy\" decoding=\"async\" width=\"300\" height=\"159\" src=\"https:\/\/tammegymnaasium.ee\/ku\/wp-content\/uploads\/2022\/02\/Padlet_antiigikursus-300x159.png\" class=\"attachment-medium size-medium\" alt=\"\" srcset=\"https:\/\/tammegymnaasium.ee\/ku\/wp-content\/uploads\/2022\/02\/Padlet_antiigikursus-300x159.png 300w, https:\/\/tammegymnaasium.ee\/ku\/wp-content\/uploads\/2022\/02\/Padlet_antiigikursus-1024x544.png 1024w, https:\/\/tammegymnaasium.ee\/ku\/wp-content\/uploads\/2022\/02\/Padlet_antiigikursus-768x408.png 768w, https:\/\/tammegymnaasium.ee\/ku\/wp-content\/uploads\/2022\/02\/Padlet_antiigikursus-1536x815.png 1536w, https:\/\/tammegymnaasium.ee\/ku\/wp-content\/uploads\/2022\/02\/Padlet_antiigikursus-1200x637.png 1200w, https:\/\/tammegymnaasium.ee\/ku\/wp-content\/uploads\/2022\/02\/Padlet_antiigikursus.png 1833w\" sizes=\"auto, (max-width: 300px) 85vw, 300px\" \/><\/a>\n\t\t\t<\/div><\/figure><figure class='gallery-item'>\n\t\t\t<div class='gallery-icon landscape'>\n\t\t\t\t<a href='https:\/\/tammegymnaasium.ee\/ku\/opistsenaarium-5\/keskaajakirjanduspadlet\/'><img loading=\"lazy\" decoding=\"async\" width=\"300\" height=\"104\" src=\"https:\/\/tammegymnaasium.ee\/ku\/wp-content\/uploads\/2021\/11\/KeskaajakirjandusPadlet-300x104.jpg\" class=\"attachment-medium size-medium\" alt=\"\" srcset=\"https:\/\/tammegymnaasium.ee\/ku\/wp-content\/uploads\/2021\/11\/KeskaajakirjandusPadlet-300x104.jpg 300w, https:\/\/tammegymnaasium.ee\/ku\/wp-content\/uploads\/2021\/11\/KeskaajakirjandusPadlet-1024x357.jpg 1024w, https:\/\/tammegymnaasium.ee\/ku\/wp-content\/uploads\/2021\/11\/KeskaajakirjandusPadlet-768x267.jpg 768w, https:\/\/tammegymnaasium.ee\/ku\/wp-content\/uploads\/2021\/11\/KeskaajakirjandusPadlet-1536x535.jpg 1536w, https:\/\/tammegymnaasium.ee\/ku\/wp-content\/uploads\/2021\/11\/KeskaajakirjandusPadlet-1200x418.jpg 1200w, https:\/\/tammegymnaasium.ee\/ku\/wp-content\/uploads\/2021\/11\/KeskaajakirjandusPadlet.jpg 1901w\" sizes=\"auto, (max-width: 300px) 85vw, 300px\" \/><\/a>\n\t\t\t<\/div><\/figure>\n\t\t<\/div>\n\n","protected":false},"excerpt":{"rendered":"<p>Distants\u00f5ppel on kirjanduse tunnile omast arutelu keeruline l\u00e4bi viia. \u00dc\u00fchiste m\u00f5tete kogumiseks saab kasutada\u00a0 Padletit. \u00dches tunnis tuli tunni teema kokku v\u00f5tmiseks tuli \u00f5pilastel postitada oma nimega v\u00e4ike m\u00f5tteavaldus tsitaadile \u201cElada ja surra v\u00f5ib auga ja autult, v\u00e4\u00e4rikalt ja v\u00e4\u00e4ritult. Selles, mis juhtub, on inimesel v\u00e4ga v\u00e4he kaasa r\u00e4\u00e4kida, k\u00fcll aga s\u00f5ltub inimesest, kuidas midagi &hellip; <a href=\"https:\/\/tammegymnaasium.ee\/ku\/opistsenaarium-5\/\" class=\"more-link\">Loe edasi<span class=\"screen-reader-text\"> &#8220;\u00d5pistsenaarium 5: mina arvan nii&#8230;&#8221;<\/span><\/a><\/p>\n","protected":false},"author":2,"featured_media":0,"parent":0,"menu_order":0,"comment_status":"closed","ping_status":"closed","template":"","meta":{"footnotes":""},"class_list":["post-216","page","type-page","status-publish","hentry"],"_links":{"self":[{"href":"https:\/\/tammegymnaasium.ee\/ku\/wp-json\/wp\/v2\/pages\/216","targetHints":{"allow":["GET"]}}],"collection":[{"href":"https:\/\/tammegymnaasium.ee\/ku\/wp-json\/wp\/v2\/pages"}],"about":[{"href":"https:\/\/tammegymnaasium.ee\/ku\/wp-json\/wp\/v2\/types\/page"}],"author":[{"embeddable":true,"href":"https:\/\/tammegymnaasium.ee\/ku\/wp-json\/wp\/v2\/users\/2"}],"replies":[{"embeddable":true,"href":"https:\/\/tammegymnaasium.ee\/ku\/wp-json\/wp\/v2\/comments?post=216"}],"version-history":[{"count":5,"href":"https:\/\/tammegymnaasium.ee\/ku\/wp-json\/wp\/v2\/pages\/216\/revisions"}],"predecessor-version":[{"id":247,"href":"https:\/\/tammegymnaasium.ee\/ku\/wp-json\/wp\/v2\/pages\/216\/revisions\/247"}],"wp:attachment":[{"href":"https:\/\/tammegymnaasium.ee\/ku\/wp-json\/wp\/v2\/media?parent=216"}],"curies":[{"name":"wp","href":"https:\/\/api.w.org\/{rel}","templated":true}]}}