{"id":204,"date":"2020-09-19T18:41:42","date_gmt":"2020-09-19T15:41:42","guid":{"rendered":"https:\/\/tammegymnaasium.ee\/ku\/?page_id=204"},"modified":"2022-02-19T20:16:04","modified_gmt":"2022-02-19T18:16:04","slug":"opistsenaarium-3","status":"publish","type":"page","link":"https:\/\/tammegymnaasium.ee\/ku\/opistsenaarium-3\/","title":{"rendered":"\u00d5pistsenaarium 3: vaikne kena kohakene"},"content":{"rendered":"<p>A place is a space claimed by feelings&#8230;. (P. Stevens &amp; P. Eriksson)<\/p>\n<p>Eesm\u00e4rk: tutvuda antud kohaga (muuseum, linn, loodusala,&#8230;)<\/p>\n<p>\u00dclesanne: Tunneta seda kohta l\u00e4bi oma telefonikaamera.\u00a0 K\u00f5igepealt valige oma r\u00fchmaga j\u00e4rgmisest loetelust neli kuni viis kategooriat ja iga\u00fcks l\u00e4heb ja otsib selles kohas oma telefonikaamega neid kategooriaid ning pildistab ja filmib. Seej\u00e4rel vaadake k\u00f5ik koos tehtu \u00fcle ning pange kokku \u00fchiseks filmiks.<\/p>\n<p>Kategooriad:<\/p>\n<ul>\n<li>TEKSTUUR<\/li>\n<li>KUJU<\/li>\n<li>STRUKTUUR<\/li>\n<li>KONTRASTID<\/li>\n<li>KASUTUSALAD<\/li>\n<li>SKAALA<\/li>\n<li>MEELEOLU<\/li>\n<li>M\u00c4RGID JA S\u00dcMBOLID<\/li>\n<li>DETAILID<\/li>\n<li>KAUNISTUSED<\/li>\n<li>VALGUS<\/li>\n<li>MATERJALID<\/li>\n<li>V\u00c4RVID<\/li>\n<\/ul>\n<p>N\u00e4ide: Istanbuli koolitusel &#8220;Digital Extra) tehtud r\u00fchmat\u00f6\u00f6:<\/p>\n<div style=\"width: 840px;\" class=\"wp-video\"><video class=\"wp-video-shortcode\" id=\"video-204-1\" width=\"840\" height=\"473\" preload=\"metadata\" controls=\"controls\"><source type=\"video\/mp4\" src=\"https:\/\/tammegymnaasium.ee\/ku\/wp-content\/uploads\/2022\/02\/A-place-is-a-space-claimed-by-feelings.mp4?_=1\" \/><a href=\"https:\/\/tammegymnaasium.ee\/ku\/wp-content\/uploads\/2022\/02\/A-place-is-a-space-claimed-by-feelings.mp4\">https:\/\/tammegymnaasium.ee\/ku\/wp-content\/uploads\/2022\/02\/A-place-is-a-space-claimed-by-feelings.mp4<\/a><\/video><\/div>\n<p>&nbsp;<\/p>\n","protected":false},"excerpt":{"rendered":"<p>A place is a space claimed by feelings&#8230;. (P. Stevens &amp; P. Eriksson) Eesm\u00e4rk: tutvuda antud kohaga (muuseum, linn, loodusala,&#8230;) \u00dclesanne: Tunneta seda kohta l\u00e4bi oma telefonikaamera.\u00a0 K\u00f5igepealt valige oma r\u00fchmaga j\u00e4rgmisest loetelust neli kuni viis kategooriat ja iga\u00fcks l\u00e4heb ja otsib selles kohas oma telefonikaamega neid kategooriaid ning pildistab ja filmib. Seej\u00e4rel vaadake k\u00f5ik &hellip; <a href=\"https:\/\/tammegymnaasium.ee\/ku\/opistsenaarium-3\/\" class=\"more-link\">Loe edasi<span class=\"screen-reader-text\"> &#8220;\u00d5pistsenaarium 3: vaikne kena kohakene&#8221;<\/span><\/a><\/p>\n","protected":false},"author":2,"featured_media":0,"parent":0,"menu_order":0,"comment_status":"closed","ping_status":"closed","template":"","meta":{"footnotes":""},"class_list":["post-204","page","type-page","status-publish","hentry"],"_links":{"self":[{"href":"https:\/\/tammegymnaasium.ee\/ku\/wp-json\/wp\/v2\/pages\/204","targetHints":{"allow":["GET"]}}],"collection":[{"href":"https:\/\/tammegymnaasium.ee\/ku\/wp-json\/wp\/v2\/pages"}],"about":[{"href":"https:\/\/tammegymnaasium.ee\/ku\/wp-json\/wp\/v2\/types\/page"}],"author":[{"embeddable":true,"href":"https:\/\/tammegymnaasium.ee\/ku\/wp-json\/wp\/v2\/users\/2"}],"replies":[{"embeddable":true,"href":"https:\/\/tammegymnaasium.ee\/ku\/wp-json\/wp\/v2\/comments?post=204"}],"version-history":[{"count":5,"href":"https:\/\/tammegymnaasium.ee\/ku\/wp-json\/wp\/v2\/pages\/204\/revisions"}],"predecessor-version":[{"id":243,"href":"https:\/\/tammegymnaasium.ee\/ku\/wp-json\/wp\/v2\/pages\/204\/revisions\/243"}],"wp:attachment":[{"href":"https:\/\/tammegymnaasium.ee\/ku\/wp-json\/wp\/v2\/media?parent=204"}],"curies":[{"name":"wp","href":"https:\/\/api.w.org\/{rel}","templated":true}]}}