{"id":184,"date":"2020-02-19T14:40:08","date_gmt":"2020-02-19T12:40:08","guid":{"rendered":"https:\/\/tammegymnaasium.ee\/ku\/?page_id=184"},"modified":"2022-02-19T20:15:38","modified_gmt":"2022-02-19T18:15:38","slug":"opistsenaarium-2","status":"publish","type":"page","link":"https:\/\/tammegymnaasium.ee\/ku\/opistsenaarium-2\/","title":{"rendered":"\u00d5pistsenaarium 2: raadiosaade Eesti heliloojast"},"content":{"rendered":"<p>&nbsp;<\/p>\n<p>Tunni teema: Raadiosaate ettevalmistus<\/p>\n<p>Eeldused t\u00f6\u00f6ks: Voice Record pro ja Audacity programmide tundmine<\/p>\n<p>Tunni eesm\u00e4rgid:<\/p>\n<ul>\n<li>\u00f5ppida tundma \u00fche eesti helilooja elu ja tegevust<\/li>\n<li>leida sobiv vorm materjali salvestamiseks raadiosaatena<\/li>\n<li>koost\u00f6\u00f6 klassikaaslasega<\/li>\n<\/ul>\n<p>Tunni sisu:<\/p>\n<ul>\n<li>materjaliga tutvumine<\/li>\n<li>arutelu kaaslasega, mida saates kajastada<\/li>\n<li>muusikan\u00e4idete valimine<\/li>\n<li>sisu kirjapanek<\/li>\n<li>saate vormi valimine<\/li>\n<li>saate salvestamine nutitelefoni abil<\/li>\n<\/ul>\n<p>Kodune \u00fclesanne:<\/p>\n<ul>\n<li>t\u00f6\u00f6 viimistlemine arvutis<\/li>\n<li>saate \u00fcleslaadimine Moodle\u00b4i foorumisse<\/li>\n<li>\u00fche kaaslaste saate kuulamine eesm\u00e4rgiga selle sisu j\u00e4rgmises tunnis klassile tutvustada ja anda hinnang t\u00f6\u00f6 teostusele<\/li>\n<\/ul>\n","protected":false},"excerpt":{"rendered":"<p>&nbsp; Tunni teema: Raadiosaate ettevalmistus Eeldused t\u00f6\u00f6ks: Voice Record pro ja Audacity programmide tundmine Tunni eesm\u00e4rgid: \u00f5ppida tundma \u00fche eesti helilooja elu ja tegevust leida sobiv vorm materjali salvestamiseks raadiosaatena koost\u00f6\u00f6 klassikaaslasega Tunni sisu: materjaliga tutvumine arutelu kaaslasega, mida saates kajastada muusikan\u00e4idete valimine sisu kirjapanek saate vormi valimine saate salvestamine nutitelefoni abil Kodune \u00fclesanne: t\u00f6\u00f6 &hellip; <a href=\"https:\/\/tammegymnaasium.ee\/ku\/opistsenaarium-2\/\" class=\"more-link\">Loe edasi<span class=\"screen-reader-text\"> &#8220;\u00d5pistsenaarium 2: raadiosaade Eesti heliloojast&#8221;<\/span><\/a><\/p>\n","protected":false},"author":2,"featured_media":0,"parent":0,"menu_order":0,"comment_status":"closed","ping_status":"closed","template":"","meta":{"footnotes":""},"class_list":["post-184","page","type-page","status-publish","hentry"],"_links":{"self":[{"href":"https:\/\/tammegymnaasium.ee\/ku\/wp-json\/wp\/v2\/pages\/184","targetHints":{"allow":["GET"]}}],"collection":[{"href":"https:\/\/tammegymnaasium.ee\/ku\/wp-json\/wp\/v2\/pages"}],"about":[{"href":"https:\/\/tammegymnaasium.ee\/ku\/wp-json\/wp\/v2\/types\/page"}],"author":[{"embeddable":true,"href":"https:\/\/tammegymnaasium.ee\/ku\/wp-json\/wp\/v2\/users\/2"}],"replies":[{"embeddable":true,"href":"https:\/\/tammegymnaasium.ee\/ku\/wp-json\/wp\/v2\/comments?post=184"}],"version-history":[{"count":4,"href":"https:\/\/tammegymnaasium.ee\/ku\/wp-json\/wp\/v2\/pages\/184\/revisions"}],"predecessor-version":[{"id":242,"href":"https:\/\/tammegymnaasium.ee\/ku\/wp-json\/wp\/v2\/pages\/184\/revisions\/242"}],"wp:attachment":[{"href":"https:\/\/tammegymnaasium.ee\/ku\/wp-json\/wp\/v2\/media?parent=184"}],"curies":[{"name":"wp","href":"https:\/\/api.w.org\/{rel}","templated":true}]}}