{"id":159,"date":"2021-05-19T13:09:03","date_gmt":"2021-05-19T10:09:03","guid":{"rendered":"https:\/\/tammegymnaasium.ee\/ku\/?page_id=159"},"modified":"2022-02-19T13:09:27","modified_gmt":"2022-02-19T11:09:27","slug":"folkloorilugu","status":"publish","type":"page","link":"https:\/\/tammegymnaasium.ee\/ku\/folkloorilugu\/","title":{"rendered":"Folkloorilugu"},"content":{"rendered":"<p><strong>Valdkond<\/strong>: Keel ja kirjandus<\/p>\n<p><strong>\u00d5petaja<\/strong>:Heily Soosaar, Maret Kuura, Pille Liivam\u00e4gi, Tuuli Tomson<\/p>\n<p><strong>Klass:<\/strong> 11KU<\/p>\n<p><strong>Staatus<\/strong>: praktikakursus<\/p>\n<p><strong>Maht<\/strong>: juunikuu esimene n\u00e4dal<\/p>\n<p><strong>Eesm\u00e4rgid<\/strong>: Rannikupiirkonna kultuurilise ja \u00f6koloogilise mitmekesisuse tundma \u00f5ppimine, kohap\u00e4rimusega seotud materjalide kogumine, P\u00e4rnumaaga seotud kultuuritegelastega tutvumine, loominguliste t\u00f6\u00f6de tegemine; v\u00f5rdlus eelmise aasta praktikaga.<\/p>\n<p><strong>\u00d5pitulemused<\/strong>: Kohap\u00e4rimusega ja tuntud kultuuritegelastega seotud materjalide kogumine nii loodusest, kohalikelt inimestelt kui muudest allikatest; erinevates t\u00f6\u00f6tubades jm tegevustes osalemine, k\u00fclastuste ja t\u00f6\u00f6tubade p\u00f5hjal \u00f5pimapi koostamine, selle illustreerimine (joonistuste v\u00f5i fotodega), omaloominguliste t\u00f6\u00f6de tegemine ja esitlemine, tulemuste anal\u00fc\u00fcs ja v\u00f5rdlus eelmise aasta praktikaga.<\/p>\n<p><strong>Sisu l\u00fchikirjeldus:<br \/>\n<\/strong>1. p\u00e4ev: P\u00e4rnu kui kuurortlinn (T. Kask); fotojaht P\u00e4rnu kultuuriv\u00e4\u00e4rtuste talletamiseks ja intervjuud; Koidula muuseumi k\u00fclastus ja muuseumitund; T\u00f5otusem\u00e4gi ja maastikukunst; kokkuv\u00f5tted esimesest p\u00e4evast<strong>.<\/strong><\/p>\n<ol start=\"2\">\n<li>p\u00e4ev: Pulli asulakoht, Tori P\u00f5rgu, Kurgja talumuuseum, Kondase keskus ja Heimtali muuseum<\/li>\n<li>p\u00e4ev: Vargam\u00e4e; rabamatk ja draamat\u00f6\u00f6tuba<\/li>\n<li>p\u00e4ev: Lodjakoja t\u00f6\u00f6toad<\/li>\n<li>p\u00e4ev: Kokkuv\u00f5te praktikast; p\u00e4evikute ja loovt\u00f6\u00f6de kokkuv\u00f5tvad hinded<\/li>\n<\/ol>\n<p><strong>Hindamine<\/strong>: Hinnatakse praktikal osalemist: t\u00f6\u00f6tubades osalemist, erinevate praktika\u00fclesannete t\u00e4itmist, loomingulisi t\u00f6id; praktikap\u00e4eviku t\u00e4itmist ja kujundamist, v\u00f5rdlust eelmise aasta praktikaga. Kursuse hinne kujuneb praktikal osalemise aktiivsusest (t\u00f6\u00f6toad, arutelud, \u00fclesannete tegemine ja omaloominguliste t\u00f6\u00f6de esitamine), loengus osalemisest, Koolip\u00e4rimuse t\u00f6\u00f6 esitamisest; korrektselt t\u00e4idetud ja vormistatud \u00f5pimapist.<\/p>\n<p><strong>V\u00f5lgnevuste likvideerimise v\u00f5imalused<\/strong>:\u00a0Esitada piirkonna oluliste kohap\u00e4rimusega seotud objektide kohta uurimus ja praktikaga seotud loovt\u00f6\u00f6d. T\u00e4psustused lepitakse kokku individuaalselt.<\/p>\n<p><strong>\u00d5ppematerjalid<\/strong>: Praktikal jagatavad t\u00f6\u00f6lehed ja materjalid<\/p>\n","protected":false},"excerpt":{"rendered":"<p>Valdkond: Keel ja kirjandus \u00d5petaja:Heily Soosaar, Maret Kuura, Pille Liivam\u00e4gi, Tuuli Tomson Klass: 11KU Staatus: praktikakursus Maht: juunikuu esimene n\u00e4dal Eesm\u00e4rgid: Rannikupiirkonna kultuurilise ja \u00f6koloogilise mitmekesisuse tundma \u00f5ppimine, kohap\u00e4rimusega seotud materjalide kogumine, P\u00e4rnumaaga seotud kultuuritegelastega tutvumine, loominguliste t\u00f6\u00f6de tegemine; v\u00f5rdlus eelmise aasta praktikaga. \u00d5pitulemused: Kohap\u00e4rimusega ja tuntud kultuuritegelastega seotud materjalide kogumine nii loodusest, kohalikelt inimestelt &hellip; <a href=\"https:\/\/tammegymnaasium.ee\/ku\/folkloorilugu\/\" class=\"more-link\">Loe edasi<span class=\"screen-reader-text\"> &#8220;Folkloorilugu&#8221;<\/span><\/a><\/p>\n","protected":false},"author":2,"featured_media":0,"parent":0,"menu_order":0,"comment_status":"closed","ping_status":"closed","template":"","meta":{"footnotes":""},"class_list":["post-159","page","type-page","status-publish","hentry"],"_links":{"self":[{"href":"https:\/\/tammegymnaasium.ee\/ku\/wp-json\/wp\/v2\/pages\/159","targetHints":{"allow":["GET"]}}],"collection":[{"href":"https:\/\/tammegymnaasium.ee\/ku\/wp-json\/wp\/v2\/pages"}],"about":[{"href":"https:\/\/tammegymnaasium.ee\/ku\/wp-json\/wp\/v2\/types\/page"}],"author":[{"embeddable":true,"href":"https:\/\/tammegymnaasium.ee\/ku\/wp-json\/wp\/v2\/users\/2"}],"replies":[{"embeddable":true,"href":"https:\/\/tammegymnaasium.ee\/ku\/wp-json\/wp\/v2\/comments?post=159"}],"version-history":[{"count":1,"href":"https:\/\/tammegymnaasium.ee\/ku\/wp-json\/wp\/v2\/pages\/159\/revisions"}],"predecessor-version":[{"id":160,"href":"https:\/\/tammegymnaasium.ee\/ku\/wp-json\/wp\/v2\/pages\/159\/revisions\/160"}],"wp:attachment":[{"href":"https:\/\/tammegymnaasium.ee\/ku\/wp-json\/wp\/v2\/media?parent=159"}],"curies":[{"name":"wp","href":"https:\/\/api.w.org\/{rel}","templated":true}]}}