{"id":156,"date":"2021-02-19T11:48:33","date_gmt":"2021-02-19T09:48:33","guid":{"rendered":"https:\/\/tammegymnaasium.ee\/ku\/?page_id=156"},"modified":"2022-02-19T11:49:06","modified_gmt":"2022-02-19T09:49:06","slug":"parandtehnoloogia-ja-rahvakunst","status":"publish","type":"page","link":"https:\/\/tammegymnaasium.ee\/ku\/parandtehnoloogia-ja-rahvakunst\/","title":{"rendered":"P\u00e4randtehnoloogia ja rahvakunst"},"content":{"rendered":"<p><strong>Valdkond<\/strong>: Eesti keel ja kirjandus<\/p>\n<p><strong>\u00d5petaja<\/strong>: Maret Kuura, Tuuli Tomson<\/p>\n<p><strong>Klass:<\/strong> 10.-12. klass<\/p>\n<p><strong>Staatus<\/strong>: valikkursus<\/p>\n<p><strong>Maht<\/strong>: 19 tundi (1 tund on 70 minutit)<\/p>\n<p><strong>Eesm\u00e4rgid<\/strong>: \u00f5ppida tundma Eesti rahvakunsti k\u00e4sit\u00f6\u00f6 valdkonda. Tutvuda rahvakunsti p\u00e4rimusega. \u00d5ppida tundma p\u00f5hilisi kudumise v\u00f5tteid. \u00d5ppida lugema ja luua skeeme ning otsida informatsiooni muis.ee keskkonnast. Tutvuda masintikandiga ning tikkimisprogrammidega.<\/p>\n<p><strong>\u00d5pitulemused<\/strong>: \u00d5pilane koob kirikindad oma esivanema s\u00fcnnipaiga\/elukoha piirkonna traditsioonide j\u00e4rgi. Valmis peab saama kaks kinnast. Kinnaste juurde peab olema koostatud kinnast ja kinda piirkonda tutvustav tekst ning mustriskeem. \u00d5pilane peab kursuse jooksul osalema tikkimisprogrammi loomisel ja masintikkimise l\u00e4biviimisel, l\u00f5puks valmib \u00fchist\u00f6\u00f6. \u00d5pilane peab esitama kursuse l\u00f5pus proovit\u00f6\u00f6d ehk kudumisharjutused.<\/p>\n<p><strong>Sisu l\u00fchikirjeldus: <\/strong>Rahvakunst on osa rahvakultuurist, mis kunstiloominguna avaldub tarbeesemete ja t\u00f6\u00f6riistade, r\u00f5ivaste, m\u00f6\u00f6bli ja hoonete (enamasti elamute) vormis ja kaunistustes.<br \/>\n\u00d5pilased saavad \u00fclevaate Eesti rahvakunstist. Tutvume Eesti rahvakunsti esemetega (reaalselt ja virtuaalselt \u2013 https:\/\/www.muis.ee\/ ) ning loovad seoseid t\u00e4nap\u00e4evaga. R\u00e4\u00e4gitakse s\u00fcmbolitest ja v\u00e4rvidest eestlaste rahvakunstis. Kursusel proovitakse l\u00e4bi lihtsamaid k\u00e4sit\u00f6\u00f6v\u00f5tteid ja tehnikaid. \u00d5pitakse selgeks t\u00fc\u00fcpilisemad kudumisviisid ja kootakse kindad vastavalt meie esivanemate p\u00e4ritolule. Lisaks valmib kursusel masintikandiga \u00fchist\u00f6\u00f6. \u00dchist\u00f6\u00f6s kasutatakse kursusel \u00f5pitut ja luuakse s\u00fcmboleid kasutades lugu r\u00e4\u00e4kiva seinapilt (masintikandis).<\/p>\n<p><strong>Hindamine<\/strong>: Valmis kindad, kinda lugu, masintikandi fail ja tikitud t\u00f6\u00f6.<\/p>\n<p><strong>L\u00f5pptulemuse kujunemine<\/strong><strong>: <\/strong>Kursus loetakse arvestatuks, kui k\u00f5ik neli t\u00f6\u00f6d on n\u00f5uetekohaselt saanud hinde \u201earvestatud\u201c<\/p>\n<p><strong>V\u00f5lgnevuste likvideerimise v\u00f5imalused<\/strong>:\u00a0Kokkuleppel \u00f5petajaga<\/p>\n<p><strong>\u00d5ppematerjalid<\/strong>: \u00f5petaja slaidid, muis.ee andmebaas<\/p>\n","protected":false},"excerpt":{"rendered":"<p>Valdkond: Eesti keel ja kirjandus \u00d5petaja: Maret Kuura, Tuuli Tomson Klass: 10.-12. klass Staatus: valikkursus Maht: 19 tundi (1 tund on 70 minutit) Eesm\u00e4rgid: \u00f5ppida tundma Eesti rahvakunsti k\u00e4sit\u00f6\u00f6 valdkonda. Tutvuda rahvakunsti p\u00e4rimusega. \u00d5ppida tundma p\u00f5hilisi kudumise v\u00f5tteid. \u00d5ppida lugema ja luua skeeme ning otsida informatsiooni muis.ee keskkonnast. Tutvuda masintikandiga ning tikkimisprogrammidega. \u00d5pitulemused: \u00d5pilane koob &hellip; <a href=\"https:\/\/tammegymnaasium.ee\/ku\/parandtehnoloogia-ja-rahvakunst\/\" class=\"more-link\">Loe edasi<span class=\"screen-reader-text\"> &#8220;P\u00e4randtehnoloogia ja rahvakunst&#8221;<\/span><\/a><\/p>\n","protected":false},"author":2,"featured_media":0,"parent":0,"menu_order":0,"comment_status":"closed","ping_status":"closed","template":"","meta":{"footnotes":""},"class_list":["post-156","page","type-page","status-publish","hentry"],"_links":{"self":[{"href":"https:\/\/tammegymnaasium.ee\/ku\/wp-json\/wp\/v2\/pages\/156","targetHints":{"allow":["GET"]}}],"collection":[{"href":"https:\/\/tammegymnaasium.ee\/ku\/wp-json\/wp\/v2\/pages"}],"about":[{"href":"https:\/\/tammegymnaasium.ee\/ku\/wp-json\/wp\/v2\/types\/page"}],"author":[{"embeddable":true,"href":"https:\/\/tammegymnaasium.ee\/ku\/wp-json\/wp\/v2\/users\/2"}],"replies":[{"embeddable":true,"href":"https:\/\/tammegymnaasium.ee\/ku\/wp-json\/wp\/v2\/comments?post=156"}],"version-history":[{"count":2,"href":"https:\/\/tammegymnaasium.ee\/ku\/wp-json\/wp\/v2\/pages\/156\/revisions"}],"predecessor-version":[{"id":158,"href":"https:\/\/tammegymnaasium.ee\/ku\/wp-json\/wp\/v2\/pages\/156\/revisions\/158"}],"wp:attachment":[{"href":"https:\/\/tammegymnaasium.ee\/ku\/wp-json\/wp\/v2\/media?parent=156"}],"curies":[{"name":"wp","href":"https:\/\/api.w.org\/{rel}","templated":true}]}}