{"id":154,"date":"2021-03-19T11:41:59","date_gmt":"2021-03-19T09:41:59","guid":{"rendered":"https:\/\/tammegymnaasium.ee\/ku\/?page_id=154"},"modified":"2022-02-19T11:42:33","modified_gmt":"2022-02-19T09:42:33","slug":"kultuuriprojekti-kursus-materiaalne-kultuur-usund-ja-muut","status":"publish","type":"page","link":"https:\/\/tammegymnaasium.ee\/ku\/kultuuriprojekti-kursus-materiaalne-kultuur-usund-ja-muut\/","title":{"rendered":"Kultuuriprojekti kursus  (materiaalne kultuur, usund ja m\u00fc\u00fct)"},"content":{"rendered":"<p><strong>Valdkond<\/strong>: Keel ja kirjandus<\/p>\n<p><strong>\u00d5petaja<\/strong>: Heily Soosaar, Liina Raudvassar<\/p>\n<p><strong>Klass:<\/strong> 12KU<\/p>\n<p><strong>Staatus<\/strong>: suunakursus<\/p>\n<p><strong>Maht<\/strong>: 19 tundi (1 tund on 70 minutit)<\/p>\n<p><strong>Eesm\u00e4rgid<\/strong>: \u00a0l\u00f5imida materiaalne kultuur religiooni ja m\u00fctoloogiaga, tuua v\u00e4lja seosed usundi, kirjanduse ja teaduse vahel.<\/p>\n<p><strong>\u00d5pitulemused<\/strong>: \u00d5pilastel kujuneb arusaam m\u00fc\u00fcdi ja usundi seostest teadusliku ajalook\u00e4sitlusega, tutvutakse kultuuri-ja usundilooliste oluliste objektidega ja nendega seotud kirjandusteostega.<br \/>\nL\u00f5pptulemusena valmib grupit\u00f6\u00f6dena (3-4 inimest igas) film kodukohtade\/kodukoha kohap\u00e4rimuslugudest, v\u00f5imalusel tuleks lugu siduda esemelise kultuuriga.<\/p>\n<p><strong>Sisu l\u00fchikirjeldus: <\/strong>Uuritakse maailma loomise m\u00fc\u00fcte ja nende kajastusi erinevates usundites (piibel, koraan), teaduslikke selgitusi Suur Pauk), Kaali meteoriidiga seotut nii teaduslikust kui kirjanduslikust aspektist (L. Meri \u201cH\u00f5bevalge\u201d, rahvalaulud). Tegeldakse kohap\u00e4rimuslugudega, tutvutakse Toomem\u00e4e ja sellega seotud lugudega (toomkirik; \u201cKalevipoeg\u201d, Underi ballaad, ohvrikivi), Kukruse emanda ja Tamula \u201cisanda\u201d materjalidega, Salme k\u00fcla viikingimatuse, rabamatuste ja leidudega. \u00d5pilased uurivad oma kodukohtadega seotud kohap\u00e4rimust, mille p\u00f5hjal valmib projekti kokkuv\u00f5ttev t\u00f6\u00f6.<\/p>\n<p><strong>Hindamine<\/strong>:<\/p>\n<ol>\n<li>Iseseisev lugemine\/vaatamine\/materjali kogumine ehk vahearvestus \u2013 hinnatakse materjali tundmist, \u00fclesanne loetakse arvestatuks, kui \u00f5pilane suudab kirjeldada \u00fcle poole omandatud\/kogutud materjalist, \u00fclesanne loetakse mittearvestatuks, kui \u00f5pilane suudab kirjeldada alla poole materjalist.<br \/>\n2. Projekt r\u00fchmat\u00f6\u00f6na \u2013 hinnatakse arvestatuks\/mittearvestatuks vastavalt valminud projekti teemakohasusele ja kujutatu vastavusele tegelikkusele, sisukusele, vastavusele juhendaja n\u00f5udmistele; t\u00f6\u00f6 \u00f5nnestunud esitlemisele klassis.<\/p>\n<p>\u00d5pilase individuaalset panust arvestatakse vastavalt \u00f5ppet\u00f6\u00f6s osalemise n\u00f5udele (m\u00f5juvatel p\u00f5hjustel lubatud puududa kuni 2 kontakttunnist) ning tagasisidest grupit\u00f6\u00f6 protsessis osalemise kohta. Kui m\u00f5juvate p\u00f5hjusteta on puudutud rohkem ja projektit\u00f6\u00f6 panus (tuginedes nii \u00f5petaja kui kaaslaste hinnangule) on kesine, on kokkuv\u00f5ttev hinne mitterahuldav.<\/li>\n<\/ol>\n<p><strong>L\u00f5pptulemuse kujunemine<\/strong><strong>: <\/strong>kursuse hinne s\u00f5ltub kontakttundides k\u00e4imisest (l\u00f5pptulemust ei m\u00f5juta kuni 2 kontakttundidest puudumist m\u00f5juval p\u00f5hjusel); panusest projektit\u00f6\u00f6sse ja projektit\u00f6\u00f6 kvaliteedist (t\u00f6\u00f6 teemakohasusest ja sisukusest, vastavusest juhendaja n\u00f5udmistele, t\u00f6\u00f6 esitlemisest klassile ning kaaslaste tagasisidest grupit\u00f6\u00f6 protsessis osalemise kohta); kursuse vahearvestuse hinde positiivsest tulemusest skaalal \u201earvestatud-mittearvestatud\u201c.<\/p>\n<p><strong>V\u00f5lgnevuste likvideerimise v\u00f5imalused<\/strong>:\u00a0\u00f5pilane esitab individuaalse teemakohase arutluse.<\/p>\n<p><strong>\u00d5ppematerjalid<\/strong>: \u00f5petaja slaidid Stuudiumis, kohap\u00e4rismusega seotud materjalid<\/p>\n","protected":false},"excerpt":{"rendered":"<p>Valdkond: Keel ja kirjandus \u00d5petaja: Heily Soosaar, Liina Raudvassar Klass: 12KU Staatus: suunakursus Maht: 19 tundi (1 tund on 70 minutit) Eesm\u00e4rgid: \u00a0l\u00f5imida materiaalne kultuur religiooni ja m\u00fctoloogiaga, tuua v\u00e4lja seosed usundi, kirjanduse ja teaduse vahel. \u00d5pitulemused: \u00d5pilastel kujuneb arusaam m\u00fc\u00fcdi ja usundi seostest teadusliku ajalook\u00e4sitlusega, tutvutakse kultuuri-ja usundilooliste oluliste objektidega ja nendega seotud kirjandusteostega. &hellip; <a href=\"https:\/\/tammegymnaasium.ee\/ku\/kultuuriprojekti-kursus-materiaalne-kultuur-usund-ja-muut\/\" class=\"more-link\">Loe edasi<span class=\"screen-reader-text\"> &#8220;Kultuuriprojekti kursus  (materiaalne kultuur, usund ja m\u00fc\u00fct)&#8221;<\/span><\/a><\/p>\n","protected":false},"author":2,"featured_media":0,"parent":0,"menu_order":0,"comment_status":"closed","ping_status":"closed","template":"","meta":{"footnotes":""},"class_list":["post-154","page","type-page","status-publish","hentry"],"_links":{"self":[{"href":"https:\/\/tammegymnaasium.ee\/ku\/wp-json\/wp\/v2\/pages\/154","targetHints":{"allow":["GET"]}}],"collection":[{"href":"https:\/\/tammegymnaasium.ee\/ku\/wp-json\/wp\/v2\/pages"}],"about":[{"href":"https:\/\/tammegymnaasium.ee\/ku\/wp-json\/wp\/v2\/types\/page"}],"author":[{"embeddable":true,"href":"https:\/\/tammegymnaasium.ee\/ku\/wp-json\/wp\/v2\/users\/2"}],"replies":[{"embeddable":true,"href":"https:\/\/tammegymnaasium.ee\/ku\/wp-json\/wp\/v2\/comments?post=154"}],"version-history":[{"count":1,"href":"https:\/\/tammegymnaasium.ee\/ku\/wp-json\/wp\/v2\/pages\/154\/revisions"}],"predecessor-version":[{"id":155,"href":"https:\/\/tammegymnaasium.ee\/ku\/wp-json\/wp\/v2\/pages\/154\/revisions\/155"}],"wp:attachment":[{"href":"https:\/\/tammegymnaasium.ee\/ku\/wp-json\/wp\/v2\/media?parent=154"}],"curies":[{"name":"wp","href":"https:\/\/api.w.org\/{rel}","templated":true}]}}