{"id":151,"date":"2020-11-19T11:36:44","date_gmt":"2020-11-19T09:36:44","guid":{"rendered":"https:\/\/tammegymnaasium.ee\/ku\/?page_id=151"},"modified":"2022-02-19T11:39:55","modified_gmt":"2022-02-19T09:39:55","slug":"kultuuriprojekti-kursus-folkloor-ja-etnograafia","status":"publish","type":"page","link":"https:\/\/tammegymnaasium.ee\/ku\/kultuuriprojekti-kursus-folkloor-ja-etnograafia\/","title":{"rendered":"Kultuuriprojekti kursus &#8211; folkloor ja etnograafia"},"content":{"rendered":"<p><strong>Valdkond<\/strong>: Keel ja kirjandus<\/p>\n<p><strong>\u00d5petaja<\/strong>: Katrin Roodla, Anneli Leima<\/p>\n<p><strong>Klass:<\/strong> 12KU<\/p>\n<p><strong>Staatus<\/strong>: suunakursus<\/p>\n<p><strong>Maht<\/strong>: 19 tundi (1 tund on 70 minutit)<\/p>\n<p><strong>Eesm\u00e4rgid<\/strong>: l\u00f5imida folkloori liike ja etnograafiat, saada osa p\u00e4rimuskultuurist.<\/p>\n<p><strong>\u00d5pitulemused<\/strong>: \u00d5pilased tutvuvad Eesti Kirjandusmuuseumi andmebaasidega, osalevad \u00f5ppek\u00e4igul Eesti Kirjandusmuuseumisse ja folgiklubi kontsert-loengul. L\u00f5pptulemusena valmib folkloori erinevaid valdkondi ja liike l\u00f5imiv etendus.<\/p>\n<p><strong>Sisu l\u00fchikirjeldus: <\/strong>Uuritakse folkloorip\u00e4randit Eesti Kirjandusmuuseumi andmebaasidest (rahvalaulud, rahvajutud, rahvaluule l\u00fchivormid, t\u00e4nap\u00e4eva folkloor jne). Valitakse teema ja koostatakse leitud materjalidest etendus, milles l\u00f5imitakse rahvamuusikat, rahvajutte, vanas\u00f5nu, k\u00f5nek\u00e4\u00e4nde, usundit, rahvatantsu, kujundatakse etenduse dekoratsioonid ja kost\u00fc\u00fcmid eesti rahvakunsti aluseks v\u00f5ttes, kasutatakse infotehnoloogilisi v\u00f5imalusi etenduse ilmestamiseks.<strong>\u00a0<\/strong><\/p>\n<p><strong>Hindamine<\/strong>:<\/p>\n<ol>\n<li>Iseseisev lugemine\/vaatamine\/materjali kogumine ehk vahearvestus \u2013 hinnatakse materjali tundmist, \u00fclesanne loetakse arvestatuks, kui \u00f5pilane suudab kirjeldada \u00fcle poole omandatud\/kogutud materjalist, \u00fclesanne loetakse mittearvestatuks, kui \u00f5pilane suudab kirjeldada alla poole materjalist.<br \/>\n2. Projekt r\u00fchmat\u00f6\u00f6na \u2013 hinnatakse arvestatuks\/mittearvestatuks vastavalt valminud projekti teemakohasusele ja kujutatu vastavusele tegelikkusele, sisukusele, vastavusele juhendaja n\u00f5udmistele; t\u00f6\u00f6 \u00f5nnestunud esitlemisele klassis.\u00d5pilase individuaalset panust arvestatakse vastavalt \u00f5ppet\u00f6\u00f6s osalemise n\u00f5udele (m\u00f5juvatel p\u00f5hjustel lubatud puududa kuni 2 kontakttunnist) ning tagasisidest grupit\u00f6\u00f6 protsessis osalemise kohta. Kui m\u00f5juvate p\u00f5hjusteta on puudutud rohkem ja projektit\u00f6\u00f6 panus (tuginedes nii \u00f5petaja kui kaaslaste hinnangule) on kesine, on kokkuv\u00f5ttev hinne mitterahuldav.<\/li>\n<\/ol>\n<p><strong>L\u00f5pptulemuse kujunemine<\/strong><strong>: <\/strong>kursuse hinne s\u00f5ltub kontakttundides k\u00e4imisest (l\u00f5pptulemust ei m\u00f5juta kuni 2 kontakttundidest puudumist m\u00f5juval p\u00f5hjusel); panusest projektit\u00f6\u00f6sse ja projektit\u00f6\u00f6 kvaliteedist (t\u00f6\u00f6 teemakohasusest ja sisukusest, vastavusest juhendaja n\u00f5udmistele, t\u00f6\u00f6 esitlemisest klassile ning kaaslaste tagasisidest grupit\u00f6\u00f6 protsessis osalemise kohta); kursuse vahearvestuse hinde positiivsest tulemusest skaalal \u201earvestatud-mittearvestatud\u201c.<\/p>\n<p><strong>V\u00f5lgnevuste likvideerimise v\u00f5imalused<\/strong>:\u00a0\u00f5pilane esitab individuaalse teemakohase arutluse.<\/p>\n<p><strong>\u00d5ppematerjalid<\/strong>: Kirjandusmuuseumi andmebaasi materjalid<\/p>\n","protected":false},"excerpt":{"rendered":"<p>Valdkond: Keel ja kirjandus \u00d5petaja: Katrin Roodla, Anneli Leima Klass: 12KU Staatus: suunakursus Maht: 19 tundi (1 tund on 70 minutit) Eesm\u00e4rgid: l\u00f5imida folkloori liike ja etnograafiat, saada osa p\u00e4rimuskultuurist. \u00d5pitulemused: \u00d5pilased tutvuvad Eesti Kirjandusmuuseumi andmebaasidega, osalevad \u00f5ppek\u00e4igul Eesti Kirjandusmuuseumisse ja folgiklubi kontsert-loengul. L\u00f5pptulemusena valmib folkloori erinevaid valdkondi ja liike l\u00f5imiv etendus. Sisu l\u00fchikirjeldus: Uuritakse &hellip; <a href=\"https:\/\/tammegymnaasium.ee\/ku\/kultuuriprojekti-kursus-folkloor-ja-etnograafia\/\" class=\"more-link\">Loe edasi<span class=\"screen-reader-text\"> &#8220;Kultuuriprojekti kursus &#8211; folkloor ja etnograafia&#8221;<\/span><\/a><\/p>\n","protected":false},"author":2,"featured_media":0,"parent":0,"menu_order":0,"comment_status":"closed","ping_status":"closed","template":"","meta":{"footnotes":""},"class_list":["post-151","page","type-page","status-publish","hentry"],"_links":{"self":[{"href":"https:\/\/tammegymnaasium.ee\/ku\/wp-json\/wp\/v2\/pages\/151","targetHints":{"allow":["GET"]}}],"collection":[{"href":"https:\/\/tammegymnaasium.ee\/ku\/wp-json\/wp\/v2\/pages"}],"about":[{"href":"https:\/\/tammegymnaasium.ee\/ku\/wp-json\/wp\/v2\/types\/page"}],"author":[{"embeddable":true,"href":"https:\/\/tammegymnaasium.ee\/ku\/wp-json\/wp\/v2\/users\/2"}],"replies":[{"embeddable":true,"href":"https:\/\/tammegymnaasium.ee\/ku\/wp-json\/wp\/v2\/comments?post=151"}],"version-history":[{"count":2,"href":"https:\/\/tammegymnaasium.ee\/ku\/wp-json\/wp\/v2\/pages\/151\/revisions"}],"predecessor-version":[{"id":153,"href":"https:\/\/tammegymnaasium.ee\/ku\/wp-json\/wp\/v2\/pages\/151\/revisions\/153"}],"wp:attachment":[{"href":"https:\/\/tammegymnaasium.ee\/ku\/wp-json\/wp\/v2\/media?parent=151"}],"curies":[{"name":"wp","href":"https:\/\/api.w.org\/{rel}","templated":true}]}}