{"id":149,"date":"2021-02-19T11:25:18","date_gmt":"2021-02-19T09:25:18","guid":{"rendered":"https:\/\/tammegymnaasium.ee\/ku\/?page_id=149"},"modified":"2022-02-19T11:25:57","modified_gmt":"2022-02-19T09:25:57","slug":"20-sajandi-kultuurilugu","status":"publish","type":"page","link":"https:\/\/tammegymnaasium.ee\/ku\/20-sajandi-kultuurilugu\/","title":{"rendered":"20. sajandi kultuurilugu"},"content":{"rendered":"<p><strong>Valdkond<\/strong>: Keel ja kirjandus<\/p>\n<p><strong>\u00d5petaja<\/strong>: Marko Kuura, Heily Soosaar, Katrin Roodla, Anneli Leima, Maret Kuura, Liina Raudvassar<\/p>\n<p><strong>Klass:<\/strong> 11KU<\/p>\n<p><strong>Staatus<\/strong>: suunakursus<\/p>\n<p><strong>Maht<\/strong>: 19 tundi (1 tund on 70 minutit)<\/p>\n<p><strong>Eesm\u00e4rgid<\/strong>: L\u00f5imida omavahel 20.-21. sajandi ajalugu, kirjandust, muusikat, kunsti, religiooni.<\/p>\n<p><strong>\u00d5pitulemused<\/strong>: \u00d5pilane tunneb valitud 20. sajandi ja 21. sajandi alguse sotsiaalajaloo perioode ning oskab neid seostada selle aja filmi-, kirjandus-, kunsti- ja muusikateostega. \u00d5pilane hindab kriitiliselt ja t\u00f5lgendab minevikus\u00fcndmusi ning -protsesse, tunneb nende omavahelisi seoseid ja seoseid t\u00e4nap\u00e4evaga.<\/p>\n<p><strong>Sisu l\u00fchikirjeldus: <\/strong>\u00d5pitakse tundma maailma kultuurilugu 20. sajandil ja 21. sajandi alguses ja n\u00e4gema seoseid selle perioodi erinevate valdkondade vahel.<br \/>\nI. 1940.-1950. aastad<br \/>\nII maailmas\u00f5ja j\u00e4rgne maailm, k\u00fclma s\u00f5ja ja \u00fchiskondlike s\u00fcndmuste m\u00f5ju \u00fchiskonnale ja kultuurile, sealhulgas selle perioodi filmile, kirjandusele, muusikale ja kunstile.<br \/>\nII. 1960.-1970. aastad<br \/>\nMaailm 1960.-1970. aastatel, poliitiliste ja \u00fchiskondlike s\u00fcndmuste m\u00f5ju \u00fchiskonnale ja kultuurile, sealhulgas selle perioodi filmile, kirjandusele, muusikale ja kunstile.<br \/>\nIII. 1980. aastatest sajandivahetuseni<br \/>\nMaailm 1980. aastatel kuni sajandivahetuseni, poliitiliste ja \u00fchiskondlike s\u00fcndmuste m\u00f5ju \u00fchiskonnale ja kultuurile, sealhulgas selle perioodi filmile, kirjandusele, muusikale ja kunstile.<br \/>\nIV. 21. sajandi algusest t\u00e4nap\u00e4evani<br \/>\nMaailm 21. sajandi algusest t\u00e4nap\u00e4evani, poliitiliste ja \u00fchiskondlike s\u00fcndmuste m\u00f5ju \u00fchiskonnale ja kultuurile, sealhulgas selle perioodi filmile, kirjandusele, muusikale ja kunstile.<\/p>\n<p><strong>Hindamine<\/strong>: Hinnatakse esseed (individuaalne t\u00f6\u00f6; kaalukus \u00fcldisest hindest 60%), milles on seostatud kindla ajalooperioodi valdkondi: ajalugu, filmi, kirjandust, kunsti, muusikat ja religiooni;<br \/>\nesitlust (r\u00fchmat\u00f6\u00f6na; 40% hindest) \u2013 ettekanne, milles on seostatud kindla ajalooperioodi valdkondi: ajalugu, film, kirjandus, kunsti, muusika ja\/v\u00f5i religioon.<\/p>\n<p><strong>L\u00f5pptulemuse kujunemine<\/strong><strong>: <\/strong>Kokkuv\u00f5ttev hinne kujuneb arvestuses: 60% essee hinne, 40% r\u00fchmat\u00f6\u00f6 ja esitluse hinne. Kui \u00f5pilane on puudunud \u00fcle 1\/3 perioodi tundidest, on kokkuv\u00f5ttev hinne maksimaalselt &#8220;rahuldav&#8221;. Kursusehinne on ka kooliastmehinde aluseks.<\/p>\n<p><strong>V\u00f5lgnevuste likvideerimise v\u00f5imalused<\/strong>:\u00a0Kokkuleppel aine\u00f5petajaga, kuid esinemise ja r\u00fchmat\u00f6\u00f6ga seotud hinnete j\u00e4relevastamine on vaja eelnevalt ka teiste \u00f5pilastega koosk\u00f5lastada.<\/p>\n<p><strong>\u00d5ppematerjalid<\/strong>: Kursuse slaidid (Stuudiumis)<\/p>\n","protected":false},"excerpt":{"rendered":"<p>Valdkond: Keel ja kirjandus \u00d5petaja: Marko Kuura, Heily Soosaar, Katrin Roodla, Anneli Leima, Maret Kuura, Liina Raudvassar Klass: 11KU Staatus: suunakursus Maht: 19 tundi (1 tund on 70 minutit) Eesm\u00e4rgid: L\u00f5imida omavahel 20.-21. sajandi ajalugu, kirjandust, muusikat, kunsti, religiooni. \u00d5pitulemused: \u00d5pilane tunneb valitud 20. sajandi ja 21. sajandi alguse sotsiaalajaloo perioode ning oskab neid seostada &hellip; <a href=\"https:\/\/tammegymnaasium.ee\/ku\/20-sajandi-kultuurilugu\/\" class=\"more-link\">Loe edasi<span class=\"screen-reader-text\"> &#8220;20. sajandi kultuurilugu&#8221;<\/span><\/a><\/p>\n","protected":false},"author":2,"featured_media":0,"parent":0,"menu_order":0,"comment_status":"closed","ping_status":"closed","template":"","meta":{"footnotes":""},"class_list":["post-149","page","type-page","status-publish","hentry"],"_links":{"self":[{"href":"https:\/\/tammegymnaasium.ee\/ku\/wp-json\/wp\/v2\/pages\/149","targetHints":{"allow":["GET"]}}],"collection":[{"href":"https:\/\/tammegymnaasium.ee\/ku\/wp-json\/wp\/v2\/pages"}],"about":[{"href":"https:\/\/tammegymnaasium.ee\/ku\/wp-json\/wp\/v2\/types\/page"}],"author":[{"embeddable":true,"href":"https:\/\/tammegymnaasium.ee\/ku\/wp-json\/wp\/v2\/users\/2"}],"replies":[{"embeddable":true,"href":"https:\/\/tammegymnaasium.ee\/ku\/wp-json\/wp\/v2\/comments?post=149"}],"version-history":[{"count":1,"href":"https:\/\/tammegymnaasium.ee\/ku\/wp-json\/wp\/v2\/pages\/149\/revisions"}],"predecessor-version":[{"id":150,"href":"https:\/\/tammegymnaasium.ee\/ku\/wp-json\/wp\/v2\/pages\/149\/revisions\/150"}],"wp:attachment":[{"href":"https:\/\/tammegymnaasium.ee\/ku\/wp-json\/wp\/v2\/media?parent=149"}],"curies":[{"name":"wp","href":"https:\/\/api.w.org\/{rel}","templated":true}]}}