{"id":143,"date":"2022-02-19T11:15:15","date_gmt":"2022-02-19T09:15:15","guid":{"rendered":"https:\/\/tammegymnaasium.ee\/ku\/?page_id=143"},"modified":"2022-02-22T11:47:26","modified_gmt":"2022-02-22T09:47:26","slug":"ainepassid","status":"publish","type":"page","link":"https:\/\/tammegymnaasium.ee\/ku\/ainepassid\/","title":{"rendered":"Ainepassid"},"content":{"rendered":"<p>Siin on esitatud kultuurisuuna suunakursuste ainepassid, milleks on kolm suunakursust &#8211; igal \u00f5ppeaastal \u00fcks kursus. Lisaks on toodud praktikakursuste uuendatud ainepassid.<\/p>\n<p>Valikkursusena on sisse toodud p\u00e4randtehnoloogia kursus.<\/p>\n<p>&nbsp;<\/p>\n<p>Projekti alguses l\u00e4ksime otsima v\u00f5imalusi, kuidas tuua digitehnoloogiat rohkem ja efektiivsemalt \u00f5ppet\u00f6\u00f6sse. T\u00e4nu kaug\u00f5ppe perioodidele tulid kursused igati kausks ning digitehnoloogia rakendamine on muutunud \u00f5ppet\u00f6\u00f6 loomulikuks osaks.<\/p>\n<p>T\u00e4na tunneme, et digitehnoloogiat on liiga palju &#8211; seet\u00f5ttu v\u00e4hendasime vaba-valikkursuses selle osa ning leiame, et selline \u00fcdini praktiline kursus on v\u00e4ga vajalik ning aktuaalne praegusel ajal.<br \/>\n<ul id=\"menu-projekt\" class=\"menu ainepassimenu\"><li id=\"menu-item-9\" class=\"menu-item menu-item-type-post_type menu-item-object-page menu-item-9\"><a href=\"https:\/\/tammegymnaasium.ee\/ku\/projektist\/\">Projekti kirjeldus<\/a><\/li>\n<li id=\"menu-item-20\" class=\"menu-item menu-item-type-post_type menu-item-object-page menu-item-20\"><a href=\"https:\/\/tammegymnaasium.ee\/ku\/ajakava\/\">Ajakava<\/a><\/li>\n<li id=\"menu-item-35\" class=\"menu-item menu-item-type-post_type menu-item-object-page menu-item-has-children menu-item-35\"><a href=\"https:\/\/tammegymnaasium.ee\/ku\/tulemused\/\">Tulemused<\/a>\n<ul class=\"sub-menu\">\n\t<li id=\"menu-item-145\" class=\"menu-item menu-item-type-post_type menu-item-object-page menu-item-has-children menu-item-145\"><a href=\"https:\/\/tammegymnaasium.ee\/ku\/ainepassid\/\">Ainepassid<\/a>\n\t<ul class=\"sub-menu\">\n\t\t<li id=\"menu-item-142\" class=\"menu-item menu-item-type-post_type menu-item-object-page menu-item-142\"><a href=\"https:\/\/tammegymnaasium.ee\/ku\/ainepass-kultuurisuuna-tutvustuskursus\/\">Kultuurisuuna tutvustuskursus<\/a><\/li>\n\t\t<li id=\"menu-item-166\" class=\"menu-item menu-item-type-post_type menu-item-object-page menu-item-166\"><a href=\"https:\/\/tammegymnaasium.ee\/ku\/20-sajandi-kultuurilugu\/\">20. sajandi kultuurilugu<\/a><\/li>\n\t\t<li id=\"menu-item-164\" class=\"menu-item menu-item-type-post_type menu-item-object-page menu-item-164\"><a href=\"https:\/\/tammegymnaasium.ee\/ku\/kultuuriprojekti-kursus-materiaalne-kultuur-usund-ja-muut\/\">Kultuuriprojekti kursus  (materiaalne kultuur, usund ja m\u00fc\u00fct)<\/a><\/li>\n\t\t<li id=\"menu-item-172\" class=\"menu-item menu-item-type-post_type menu-item-object-page menu-item-172\"><a href=\"https:\/\/tammegymnaasium.ee\/ku\/kultuuriprojekti-kursus-folkloor-ja-etnograafia\/\">Kultuuriprojekti kursus \u2013 folkloor ja etnograafia<\/a><\/li>\n\t\t<li id=\"menu-item-165\" class=\"menu-item menu-item-type-post_type menu-item-object-page menu-item-165\"><a href=\"https:\/\/tammegymnaasium.ee\/ku\/parandtehnoloogia-ja-rahvakunst\/\">P\u00e4randtehnoloogia ja rahvakunst<\/a><\/li>\n\t\t<li id=\"menu-item-167\" class=\"menu-item menu-item-type-post_type menu-item-object-page menu-item-167\"><a href=\"https:\/\/tammegymnaasium.ee\/ku\/keskkonna-ja-kultuurilugu\/\">Keskkonna- ja kultuurilugu<\/a><\/li>\n\t\t<li id=\"menu-item-163\" class=\"menu-item menu-item-type-post_type menu-item-object-page menu-item-163\"><a href=\"https:\/\/tammegymnaasium.ee\/ku\/folkloorilugu\/\">Folkloorilugu<\/a><\/li>\n\t<\/ul>\n<\/li>\n\t<li id=\"menu-item-178\" class=\"menu-item menu-item-type-post_type menu-item-object-page menu-item-has-children menu-item-178\"><a href=\"https:\/\/tammegymnaasium.ee\/ku\/opistsenaariumid\/\">\u00d5pistsenaariumid<\/a>\n\t<ul class=\"sub-menu\">\n\t\t<li id=\"menu-item-179\" class=\"menu-item menu-item-type-post_type menu-item-object-page menu-item-179\"><a href=\"https:\/\/tammegymnaasium.ee\/ku\/opistsenaarium-1\/\">\u00d5pistsenaarium 1: d\u00fcstoopia<\/a><\/li>\n\t\t<li id=\"menu-item-186\" class=\"menu-item menu-item-type-post_type menu-item-object-page menu-item-186\"><a href=\"https:\/\/tammegymnaasium.ee\/ku\/opistsenaarium-2\/\">\u00d5pistsenaarium 2: raadiosaade Eesti heliloojast<\/a><\/li>\n\t\t<li id=\"menu-item-209\" class=\"menu-item menu-item-type-post_type menu-item-object-page menu-item-209\"><a href=\"https:\/\/tammegymnaasium.ee\/ku\/opistsenaarium-3\/\">\u00d5pistsenaarium 3: vaikne kena kohakene<\/a><\/li>\n\t\t<li id=\"menu-item-252\" class=\"menu-item menu-item-type-post_type menu-item-object-page menu-item-252\"><a href=\"https:\/\/tammegymnaasium.ee\/ku\/opistsenaarium-4\/\">\u00d5pistsenaarium 4: aeg ja kultuur said kokku teljel<\/a><\/li>\n\t\t<li id=\"menu-item-251\" class=\"menu-item menu-item-type-post_type menu-item-object-page menu-item-251\"><a href=\"https:\/\/tammegymnaasium.ee\/ku\/opistsenaarium-5\/\">\u00d5pistsenaarium 5: mina arvan nii\u2026<\/a><\/li>\n\t\t<li id=\"menu-item-256\" class=\"menu-item menu-item-type-post_type menu-item-object-page menu-item-256\"><a href=\"https:\/\/tammegymnaasium.ee\/ku\/opistsenaarium-6-kinda-lugu\/\">\u00d5pistsenaarium 6: minu kinda lugu<\/a><\/li>\n\t\t<li id=\"menu-item-254\" class=\"menu-item menu-item-type-post_type menu-item-object-page menu-item-254\"><a href=\"https:\/\/tammegymnaasium.ee\/ku\/opistsenaarium-7-kaib-too-ja-kultuur-koos\/\">\u00d5pistsenaarium 7: k\u00e4ib t\u00f6\u00f6 ja \u2026kultuur koos<\/a><\/li>\n\t\t<li id=\"menu-item-253\" class=\"menu-item menu-item-type-post_type menu-item-object-page menu-item-253\"><a href=\"https:\/\/tammegymnaasium.ee\/ku\/opistsenaarium-8-virtuaalne-muuseum\/\">\u00d5pistsenaarium 8: ma avan t\u00e4na oma virtuaalse n\u00e4ituse<\/a><\/li>\n\t<\/ul>\n<\/li>\n<\/ul>\n<\/li>\n<li id=\"menu-item-24\" class=\"menu-item menu-item-type-custom menu-item-object-custom menu-item-home menu-item-24\"><a href=\"https:\/\/tammegymnaasium.ee\/ku\">Esileht<\/a><\/li>\n<\/ul>\n","protected":false},"excerpt":{"rendered":"<p>Siin on esitatud kultuurisuuna suunakursuste ainepassid, milleks on kolm suunakursust &#8211; igal \u00f5ppeaastal \u00fcks kursus. Lisaks on toodud praktikakursuste uuendatud ainepassid. Valikkursusena on sisse toodud p\u00e4randtehnoloogia kursus. &nbsp; Projekti alguses l\u00e4ksime otsima v\u00f5imalusi, kuidas tuua digitehnoloogiat rohkem ja efektiivsemalt \u00f5ppet\u00f6\u00f6sse. T\u00e4nu kaug\u00f5ppe perioodidele tulid kursused igati kausks ning digitehnoloogia rakendamine on muutunud \u00f5ppet\u00f6\u00f6 loomulikuks osaks. &hellip; <a href=\"https:\/\/tammegymnaasium.ee\/ku\/ainepassid\/\" class=\"more-link\">Loe edasi<span class=\"screen-reader-text\"> &#8220;Ainepassid&#8221;<\/span><\/a><\/p>\n","protected":false},"author":2,"featured_media":0,"parent":0,"menu_order":0,"comment_status":"closed","ping_status":"closed","template":"","meta":{"footnotes":""},"class_list":["post-143","page","type-page","status-publish","hentry"],"_links":{"self":[{"href":"https:\/\/tammegymnaasium.ee\/ku\/wp-json\/wp\/v2\/pages\/143","targetHints":{"allow":["GET"]}}],"collection":[{"href":"https:\/\/tammegymnaasium.ee\/ku\/wp-json\/wp\/v2\/pages"}],"about":[{"href":"https:\/\/tammegymnaasium.ee\/ku\/wp-json\/wp\/v2\/types\/page"}],"author":[{"embeddable":true,"href":"https:\/\/tammegymnaasium.ee\/ku\/wp-json\/wp\/v2\/users\/2"}],"replies":[{"embeddable":true,"href":"https:\/\/tammegymnaasium.ee\/ku\/wp-json\/wp\/v2\/comments?post=143"}],"version-history":[{"count":5,"href":"https:\/\/tammegymnaasium.ee\/ku\/wp-json\/wp\/v2\/pages\/143\/revisions"}],"predecessor-version":[{"id":307,"href":"https:\/\/tammegymnaasium.ee\/ku\/wp-json\/wp\/v2\/pages\/143\/revisions\/307"}],"wp:attachment":[{"href":"https:\/\/tammegymnaasium.ee\/ku\/wp-json\/wp\/v2\/media?parent=143"}],"curies":[{"name":"wp","href":"https:\/\/api.w.org\/{rel}","templated":true}]}}