{"id":140,"date":"2020-09-19T11:11:12","date_gmt":"2020-09-19T08:11:12","guid":{"rendered":"https:\/\/tammegymnaasium.ee\/ku\/?page_id=140"},"modified":"2022-02-19T13:28:37","modified_gmt":"2022-02-19T11:28:37","slug":"ainepass-kultuurisuuna-tutvustuskursus","status":"publish","type":"page","link":"https:\/\/tammegymnaasium.ee\/ku\/ainepass-kultuurisuuna-tutvustuskursus\/","title":{"rendered":"Kultuurisuuna tutvustuskursus"},"content":{"rendered":"<p><strong>Valdkond<\/strong>: Keel ja kirjandus<\/p>\n<p><strong>\u00d5petaja<\/strong>: Liina Nagel, Heily Soosaar, Katrin Roodla, Maiu Nurka<\/p>\n<p><strong>Klass:<\/strong> 10KU<\/p>\n<p><strong>Staatus<\/strong>: suunakursus<\/p>\n<p><strong>Maht<\/strong>: 19 tundi (1 tund on 70 minutit)<\/p>\n<p><strong>Eesm\u00e4rgid<\/strong>: Anda \u00fclevaade kultuurivaldkonna erialadest. Tutvustada Tartu \u00dclikooli \u00f5ppej\u00f5ude ja nende erialasid, v\u00f5imalusel \u00f5ppehooneid ning erialaspetsiifilisi asutusi. Suunata \u00f5pilast m\u00f5tlema edasistele karj\u00e4\u00e4riv\u00f5imalustele. Arendada kriitilist m\u00f5tlemist, suulise enesev\u00e4ljenduse ja avaliku esinemise oskust.<\/p>\n<p><strong>\u00d5pitulemused<\/strong>: Kursuse l\u00f5petamisel \u00f5pilane:<br \/>\n1) tunneb humanitaarvaldkonna p\u00f5hiolemust;<br \/>\n2) on arendanud silmaringi oluliste valdkonna (\u00f5ppe)asutuste ja esindajate osas;<br \/>\n3) oskab ennast anal\u00fc\u00fcsida ja seostada konkreetse valdkonna tegevusega;<br \/>\n4) teeb j\u00e4reldusi \u00f5ppesuuna valiku ja karj\u00e4\u00e4riv\u00f5imaluste kohta;<br \/>\n5) on arendanud \u00fcldistamisoskust;<br \/>\n6) oskab avalikult esineda ja teha olukorrale vastavalt keelelisi valikuid.<\/p>\n<p><strong>Sisu l\u00fchikirjeldus: <\/strong>Teemasid ja valdkondi: kultuurilised ja usulised erinevused, etnoloogia, antropoloogia, kultuuriteadused (internetis sotsiaalgrupi anal\u00fc\u00fcs, kaas\u00f5pilase intervjueerimine), arheoloogia (digiarhiividega tutvumine, allikakriitika), rahvausund: minevik ja t\u00e4nap\u00e4ev.<\/p>\n<p><strong>Hindamine<\/strong>: Hindamisel v\u00f5etakse arvesse osalemist loengutes, \u00f5pimapi koostamist ja<br \/>\nselle avalikku kaitsmist. \u00d5pilane kirjutab ette antud struktuuri j\u00e4rgides igast kohtumisest \u00fclevaate ja kursuse kui terviku p\u00f5hjal kriitilise anal\u00fc\u00fcsi, koostab l\u00e4bim\u00f5eldud struktuuri silmas pidades \u00f5pimapi Google Drive keskkonda. \u00d5pilane valmistab ette suulise esinemise kaitsmiseks.<\/p>\n<p><strong>L\u00f5pptulemuse kujunemine<\/strong><strong>: <\/strong>L\u00f5pphinne kujuneb \u00f5pimapi kvaliteedi ja avaliku kaitsmise p\u00f5hjal. Kui \u00f5pilane on puudunud 4\u20135 tundi, ei saa olla kursusehinne k\u00f5rgem kui \u201ehea\u201c; 6\u20139 tundi, siis \u201erahuldav\u201c; 10 ja rohkem tundi, siis \u201emitterahuldav\u201c. Kaitsmiskomisjonile j\u00e4\u00e4b \u00f5igus t\u00f5sta hinnet suurep\u00e4rase mapi ja esinemise korral, kui \u00f5pilane on puudunud m\u00f5juval p\u00f5hjusel.<\/p>\n<p><strong>V\u00f5lgnevuste likvideerimise v\u00f5imalused<\/strong>:\u00a0Kaitsmisele mitteilmumine tuleb k\u00f5ne alla \u00fcksnes m\u00f5juval p\u00f5hjusel, mis tuleb aine\u00f5petajaga enne koosk\u00f5lastada.<\/p>\n<p><strong>\u00d5ppematerjalid<\/strong>: Slaidid, k\u00fclalisesinejate \u00f5ppe- ja infomaterjalid<\/p>\n","protected":false},"excerpt":{"rendered":"<p>Valdkond: Keel ja kirjandus \u00d5petaja: Liina Nagel, Heily Soosaar, Katrin Roodla, Maiu Nurka Klass: 10KU Staatus: suunakursus Maht: 19 tundi (1 tund on 70 minutit) Eesm\u00e4rgid: Anda \u00fclevaade kultuurivaldkonna erialadest. Tutvustada Tartu \u00dclikooli \u00f5ppej\u00f5ude ja nende erialasid, v\u00f5imalusel \u00f5ppehooneid ning erialaspetsiifilisi asutusi. Suunata \u00f5pilast m\u00f5tlema edasistele karj\u00e4\u00e4riv\u00f5imalustele. Arendada kriitilist m\u00f5tlemist, suulise enesev\u00e4ljenduse ja avaliku esinemise &hellip; <a href=\"https:\/\/tammegymnaasium.ee\/ku\/ainepass-kultuurisuuna-tutvustuskursus\/\" class=\"more-link\">Loe edasi<span class=\"screen-reader-text\"> &#8220;Kultuurisuuna tutvustuskursus&#8221;<\/span><\/a><\/p>\n","protected":false},"author":2,"featured_media":0,"parent":0,"menu_order":0,"comment_status":"closed","ping_status":"closed","template":"","meta":{"footnotes":""},"class_list":["post-140","page","type-page","status-publish","hentry"],"_links":{"self":[{"href":"https:\/\/tammegymnaasium.ee\/ku\/wp-json\/wp\/v2\/pages\/140","targetHints":{"allow":["GET"]}}],"collection":[{"href":"https:\/\/tammegymnaasium.ee\/ku\/wp-json\/wp\/v2\/pages"}],"about":[{"href":"https:\/\/tammegymnaasium.ee\/ku\/wp-json\/wp\/v2\/types\/page"}],"author":[{"embeddable":true,"href":"https:\/\/tammegymnaasium.ee\/ku\/wp-json\/wp\/v2\/users\/2"}],"replies":[{"embeddable":true,"href":"https:\/\/tammegymnaasium.ee\/ku\/wp-json\/wp\/v2\/comments?post=140"}],"version-history":[{"count":5,"href":"https:\/\/tammegymnaasium.ee\/ku\/wp-json\/wp\/v2\/pages\/140\/revisions"}],"predecessor-version":[{"id":169,"href":"https:\/\/tammegymnaasium.ee\/ku\/wp-json\/wp\/v2\/pages\/140\/revisions\/169"}],"wp:attachment":[{"href":"https:\/\/tammegymnaasium.ee\/ku\/wp-json\/wp\/v2\/media?parent=140"}],"curies":[{"name":"wp","href":"https:\/\/api.w.org\/{rel}","templated":true}]}}