{"id":12,"date":"2018-08-21T15:19:05","date_gmt":"2018-08-21T12:19:05","guid":{"rendered":"https:\/\/tammegymnaasium.ee\/ku\/?page_id=12"},"modified":"2022-02-28T09:00:05","modified_gmt":"2022-02-28T07:00:05","slug":"ajakava","status":"publish","type":"page","link":"https:\/\/tammegymnaasium.ee\/ku\/ajakava\/","title":{"rendered":"Ajakava"},"content":{"rendered":"<p>Tegevused 2018\/19. \u00f5a<br \/>\n<strong><span style=\"color: #0000ff;\">Juuni<\/span><\/strong>: projektijuhtimise tegevused: projektimeeskonna koosolek .<br \/>\n<span style=\"color: #0000ff;\">August<\/span>: projektijuhtimise tegevused: projekti veebisaidi loomine (https:\/\/tammegymnaasium.ee\/ku\/) Kultuurisuuna t\u00f6\u00f6koosolek<br \/>\n<span style=\"color: #0000ff;\">September<\/span>: ettevalmistustegevused: ingliskeelsete materjalide ettevalmistamine koolist, Eestist, Eesti hariduss\u00fcsteemist.<br \/>\n<span style=\"color: #0000ff;\">Oktoober<\/span>: ettevalmistustegevused: veebip\u00f5hiseid koost\u00f6\u00f6vahendeid tutvustav seminar kooli \u00f5petajatele haridustehnoloogilt. Projektijuhtimise tegevused: veebilehe arendamine.<\/p>\n<p><span style=\"color: #0000ff;\">Veebruar<\/span>: ettevalmistav kohtumine T\u00fcrgi \u00f5pir\u00e4ndeks. Levitustegevused: ettekanne Tartu aine\u00fchenduses \u00f5pir\u00e4ndest ning selle tulemusel loodud vabavalikkursusest. Projektijuhtimise tegevused: vahehindamine<br \/>\n<span style=\"color: #0000ff;\">M\u00e4rts<\/span>: \u00d5pir\u00e4nne T\u00fcrki 17.-23.03.2019: tutvumine uuenduslike meetoditega, kuidas tuua kultuurip\u00e4randit kaasaega kasutades digivahendite v\u00f5imalusi. Ettevalmistustegevused: projektimeeskonna koosolek<br \/>\n<span style=\"color: #0000ff;\">Aprill<\/span>: Ettevalmistustegevused: vestluskursus inglise keelest. Levitustegevused: K5 \u00f5petajatele seminar.<br \/>\n<span style=\"color: #0000ff;\">Mai<\/span>: Avatud tund koos \u00f5pistsenaariumi koostamisega . Ettevalmistustegevused: vestluskursus inglise keelest, ettevalmistav kohtumine Kreeka ja Iiri \u00f5pir\u00e4ndeks. Levitustegevused: ettekanne haridustehnoloogide aine\u00fchenduses toimunud \u00f5pir\u00e4nnetest ning nende tulemusel loodud suunakursustest.<\/p>\n<p><span style=\"color: #0000ff;\">Juuni:<\/span> projekti meeskonna koosolek, vahehindamine.<br \/>\n<span style=\"color: #0000ff;\">Juuli<\/span>: \u00f5pir\u00e4nne Kreekasse 29.06-07.07. 2019: tutvumine v\u00f5imalustega, kuidas \u00f5petada kohalikku kultuurip\u00e4randit autentses keskkonnas.<br \/>\n<span style=\"color: #0000ff;\">August<\/span>: \u00f5pr\u00e4nne Iirimaale 12.08- 17.08.2019: tutvumine erinevate meetoditega, kuidas integreerida audiovisuaalsete vahendite kasutamist aine\u00f5ppesse. 20. sajandi Euroopa kultuuriloo kursuse ning praktika kursuste loomine, ainepasside koostamine; kultuurisuuna koosolek<\/p>\n<p>2019\/2020. \u00f5a<\/p>\n<p><span style=\"color: #0000ff;\">September:<\/span> levitustegevused: K5 \u00f5petajatele seminar. Ettevalmistav kohtumine Hollandi \u00f5pir\u00e4ndeks.<br \/>\n<span style=\"color: #0000ff;\">Oktoober<\/span>: \u00f5pir\u00e4nne Hollandisse 24.-29.10.2019: tutvumine v\u00f5imalustega, kuidas \u00f5petada erinevaid \u00f5ppeaineid l\u00f5imitult.<br \/>\n<span style=\"color: #0000ff;\">November<\/span>: Avatud tund koos \u00f5pistsenaariumi koostamisega 20.sajandi Euroopa kultuuriloo kursusel.\u00a0 Projektikursuse loomine, ainepassi koostamine. Levitustegevused: K5 \u00f5petajatele seminar.<br \/>\n<span style=\"color: #0000ff;\">Detsember<\/span>: avatud tund koos \u00f5pistsenaariumi koostamisega projektikursusel.<br \/>\nJaanuar: levitustegevused: ettekanne aine\u00fchenduses toimunud \u00f5pir\u00e4nnetest ning nende tulemusel loodud suunakursustest.<br \/>\n<span style=\"color: #0000ff;\">Veebruar<\/span>: projektijuhtimise tegevuse: vahehindamine. \u00d5pir\u00e4nne Itaaliasse 24.-29.02.2020: tutvumine kaasaegsete \u00f5ppemeetodite rakendamisega aine\u00f5ppes.<br \/>\n<span style=\"color: #0000ff;\">M\u00e4rts<\/span>: suunatutvustuskursuse v\u00e4ljat\u00f6\u00f6tamine, ainepassi koostamine. Levitustegevused: K5 \u00f5petajatele seminar. Rahvusvahelise koost\u00f6\u00f6projekti algatamine kultuurisuunal.<br \/>\n<span style=\"color: #0000ff;\">Aprill<\/span>: avatud tund koos \u00f5pistsenaariumi koostamisega suunatutvustuskursusel. Rahvusvahelise koost\u00f6\u00f6projekt j\u00e4tkub.<br \/>\n<span style=\"color: #0000ff;\">Mai<\/span>: kohtumine kultuurisuuna partneritega. Kultuurisuuna koosolek: parimate \u00f5pistsenaariumite valimine esitamiseks projekti veebilehel Praktikakursuste ainepasside v\u00e4ljat\u00f6\u00f6tamine.<\/p>\n<p><span style=\"color: #0000ff;\">Juuni:<\/span> projekti meeskonna koosolek, vahehindamine.<\/p>\n<p>2020\/2021. \u00f5a<\/p>\n<p><span style=\"color: #0000ff;\">September<\/span>: Vabavalikkursuse loomine, ainepassi koostamine.<\/p>\n<p><span style=\"color: #0000ff;\">Aprill-Mai<\/span>: Praktikakursuste ainepasside uuendamine.<\/p>\n<p><span style=\"color: #0000ff;\">Detsember:<\/span> projekti meeskonna koosolek vahehindamine. Avatud tundide tagasiside.<\/p>\n<p>2021\/2022. \u00f5a.<\/p>\n<p><span style=\"color: #0000ff;\">September<\/span>: \u00d5pistsenaariumide valimine projekti lehele.<\/p>\n<p><span style=\"color: #0000ff;\">Detsember<\/span>: Projektijuhtimise tegevused: l\u00f5pphindamine\u00a0 Levitustegevused: artikkel. Projekti tulemuste ja m\u00f5ju l\u00f5plik hindamine; ettevalmistused l\u00f5pparuande kirjutamiseks, projekti veebilehe viimistlemine.<\/p>\n<p>&nbsp;<\/p>\n","protected":false},"excerpt":{"rendered":"<p>Tegevused 2018\/19. \u00f5a Juuni: projektijuhtimise tegevused: projektimeeskonna koosolek . August: projektijuhtimise tegevused: projekti veebisaidi loomine (https:\/\/tammegymnaasium.ee\/ku\/) Kultuurisuuna t\u00f6\u00f6koosolek September: ettevalmistustegevused: ingliskeelsete materjalide ettevalmistamine koolist, Eestist, Eesti hariduss\u00fcsteemist. Oktoober: ettevalmistustegevused: veebip\u00f5hiseid koost\u00f6\u00f6vahendeid tutvustav seminar kooli \u00f5petajatele haridustehnoloogilt. Projektijuhtimise tegevused: veebilehe arendamine. Veebruar: ettevalmistav kohtumine T\u00fcrgi \u00f5pir\u00e4ndeks. Levitustegevused: ettekanne Tartu aine\u00fchenduses \u00f5pir\u00e4ndest ning selle tulemusel loodud vabavalikkursusest. &hellip; <a href=\"https:\/\/tammegymnaasium.ee\/ku\/ajakava\/\" class=\"more-link\">Loe edasi<span class=\"screen-reader-text\"> &#8220;Ajakava&#8221;<\/span><\/a><\/p>\n","protected":false},"author":2,"featured_media":0,"parent":0,"menu_order":0,"comment_status":"closed","ping_status":"closed","template":"","meta":{"footnotes":""},"class_list":["post-12","page","type-page","status-publish","hentry"],"_links":{"self":[{"href":"https:\/\/tammegymnaasium.ee\/ku\/wp-json\/wp\/v2\/pages\/12","targetHints":{"allow":["GET"]}}],"collection":[{"href":"https:\/\/tammegymnaasium.ee\/ku\/wp-json\/wp\/v2\/pages"}],"about":[{"href":"https:\/\/tammegymnaasium.ee\/ku\/wp-json\/wp\/v2\/types\/page"}],"author":[{"embeddable":true,"href":"https:\/\/tammegymnaasium.ee\/ku\/wp-json\/wp\/v2\/users\/2"}],"replies":[{"embeddable":true,"href":"https:\/\/tammegymnaasium.ee\/ku\/wp-json\/wp\/v2\/comments?post=12"}],"version-history":[{"count":5,"href":"https:\/\/tammegymnaasium.ee\/ku\/wp-json\/wp\/v2\/pages\/12\/revisions"}],"predecessor-version":[{"id":329,"href":"https:\/\/tammegymnaasium.ee\/ku\/wp-json\/wp\/v2\/pages\/12\/revisions\/329"}],"wp:attachment":[{"href":"https:\/\/tammegymnaasium.ee\/ku\/wp-json\/wp\/v2\/media?parent=12"}],"curies":[{"name":"wp","href":"https:\/\/api.w.org\/{rel}","templated":true}]}}